{"id":74,"date":"2017-01-22T17:12:43","date_gmt":"2017-01-22T17:12:43","guid":{"rendered":"http:\/\/bhs-ip.com\/wordpress\/?page_id=74"},"modified":"2023-10-01T13:29:02","modified_gmt":"2023-10-01T13:29:02","slug":"leistungen","status":"publish","type":"page","link":"https:\/\/bhs-ip.com\/?page_id=74","title":{"rendered":"Services"},"content":{"rendered":"<p>[et_pb_section fb_built =&#8221;1&#8243; admin_label=&#8221;section&#8221; module_id=&#8221;flags&#8221; _builder_version=&#8221;3.22&#8243; custom_css_main_element=&#8221;top: 150px !important;||opacity: 0.9 !important;||background-color: #f9f9f9 !important;||position: fixed;||z-index: 999999;||display: none;||right: 0px !important;||width: 15%;||min-width: 115px !important;||\/*height: 50%;*\/||margin-top: 0px !important;||padding-top: 5px !important;||padding-bottom: 5px !important;||border-radius: 15px;&#8221; transparent_background=&#8221;off&#8221; make_fullwidth=&#8221;off&#8221; use_custom_width=&#8221;off&#8221; width_unit=&#8221;on&#8221; global_module=&#8221;567&#8243; global_colors_info=&#8221;{}&#8221;][et_pb_row admin_label=&#8221;row&#8221; _builder_version=&#8221;4.16&#8243; background_size=&#8221;initial&#8221; background_position=&#8221;top_left&#8221; background_repeat=&#8221;repeat&#8221; global_colors_info=&#8221;{}&#8221;][et_pb_column type=&#8221;4_4&#8243; _builder_version=&#8221;4.16&#8243; custom_padding=&#8221;|||&#8221; global_colors_info=&#8221;{}&#8221; custom_padding__hover=&#8221;|||&#8221;][et_pb_text admin_label=&#8221;LANGUAGE SELECTION&#8221; _builder_version=&#8221;4.20.2&#8243; background_size=&#8221;initial&#8221; background_position=&#8221;top_left&#8221; background_repeat=&#8221;repeat&#8221; global_colors_info=&#8221;{}&#8221;]<\/p>\n<div id=\"langeng\" class=\"lang\" style=\"margin-bottom: 20px; width: 100%; text-align: center;\">\n<h3>English<\/h3>\n<\/div>\n<div id=\"langde\" class=\"lang\" style=\"margin-top: 20px; width: 100%; text-align: center;\">\n<h3>Deutsch<\/h3>\n<\/div>\n<p>[\/et_pb_text][\/et_pb_column][\/et_pb_row][et_pb_accordion_item title=&#8221;Ver\u00f6ffentlichungen Dr. Hollenberg&#8221; open=&#8221;on&#8221; _builder_version=&#8221;4.16&#8243; global_colors_info=&#8221;{}&#8221;]<\/p>\n<p style=\"text-align: justify;\"><em>Hollenberg, Sebastian<\/em>, Die Arbeitnehmererfindung als Gesch\u00e4ftsgeheimnis?, Mitteilungen der deutschen Patentanw\u00e4lte, 2021, S. 18 &#8211; 23<\/p>\n<p>[\/et_pb_accordion_item][\/et_pb_section][et_pb_section fb_built =&#8221;1&#8243; inner_shadow=&#8221;on&#8221; fullwidth=&#8221;on&#8221; admin_label=&#8221;section&#8221; _builder_version=&#8221;4.16&#8243; background_color=&#8221;#10032c&#8221; global_colors_info=&#8221;{}&#8221;][et_pb_fullwidth_header title=&#8221;Services&#8221; content_max_width=&#8221;none&#8221; admin_label=&#8221;Full width header&#8221; _builder_version=&#8221;4.16&#8243; background_color=&#8221;rgba(255, 255, 255, 0)&#8221; global_colors_info=&#8221;{}&#8221; button_one_text_size__hover_enabled=&#8221;off&#8221; button_two_text_size__hover_enabled=&#8221;off&#8221; button_one_text_color__hover_enabled=&#8221;off&#8221; button_two_text_color__hover_enabled=&#8221;off&#8221; button_one_border_width__hover_enabled=&#8221;off&#8221; button_two_border_width__hover_enabled=&#8221;off&#8221; button_one_border_color__hover_enabled=&#8221;off&#8221; button_two_border_color__hover_enabled=&#8221;off&#8221; button_one_border_radius__hover_enabled=&#8221;off&#8221; button_two_border_radius__hover_enabled=&#8221;off&#8221; button_one_letter_spacing__hover_enabled=&#8221;off&#8221; button_two_letter_spacing__hover_enabled=&#8221;off&#8221; button_one_bg_color__hover_enabled=&#8221;off&#8221; button_two_bg_color__hover_enabled=&#8221;off&#8221;]<\/p>\n<p style=\"text-align: justify;\">We focus not only on the quality of our work, but also on keeping your expenses low.<\/p>\n<p style=\"text-align: justify;\">Accordingly, it is our goal that you can easily comprehend our billing, transparently communicating the costs you may face.<\/p>\n<p>[\/et_pb_fullwidth_header][\/et_pb_section][et_pb_section fb_built =&#8221;1&#8243; admin_label=&#8221;section&#8221; _builder_version=&#8221;4.16&#8243; global_colors_info=&#8221;{}&#8221;][et_pb_row admin_label=&#8221;row&#8221; _builder_version=&#8221;4.16&#8243; background_size=&#8221;initial&#8221; background_position=&#8221;top_left&#8221; background_repeat=&#8221;repeat&#8221; global_colors_info=&#8221;{}&#8221;][et_pb_column type=&#8221;4_4&#8243; _builder_version=&#8221;4.16&#8243; custom_padding=&#8221;|||&#8221; global_colors_info=&#8221;{}&#8221; custom_padding__hover=&#8221;|||&#8221;][et_pb_text admin_label=&#8221;Intro Text&#8221; _builder_version=&#8221;4.16&#8243; background_size=&#8221;initial&#8221; background_position=&#8221;top_left&#8221; background_repeat=&#8221;repeat&#8221; global_colors_info=&#8221;{}&#8221;]<\/p>\n<p style=\"text-align: center;\">We bill by effort, thus by the amount of working hours spent. Please inquire for our present rates.<\/p>\n<p>[\/et_pb_text][et_pb_text admin_label=&#8221;services header&#8221; _builder_version=&#8221;4.16&#8243; background_size=&#8221;initial&#8221; background_position=&#8221;top_left&#8221; background_repeat=&#8221;repeat&#8221; global_colors_info=&#8221;{}&#8221;]<\/p>\n<h3 style=\"text-align: center;\">Our services<\/h3>\n<p>[\/et_pb_text][et_pb_tabs disabled_on=&#8221;on||off&#8221; admin_label=&#8221;services TabControl&#8221; _builder_version=&#8221;4.16&#8243; background_size=&#8221;initial&#8221; background_position=&#8221;top_left&#8221; background_repeat=&#8221;repeat&#8221; global_colors_info=&#8221;{}&#8221;][et_pb_tab title=&#8221;Patents and utility models&#8221; _builder_version=&#8221;4.16&#8243; body_font=&#8221;||||&#8221; body_line_height=&#8221;2in&#8221; tab_font=&#8221;||||&#8221; tab_line_height=&#8221;2in&#8221; background_size=&#8221;initial&#8221; background_position=&#8221;top_left&#8221; background_repeat=&#8221;repeat&#8221; body_line_height_tablet=&#8221;2in&#8221; body_line_height_phone=&#8221;2in&#8221; tab_line_height_tablet=&#8221;2in&#8221; tab_line_height_phone=&#8221;2in&#8221; global_colors_info=&#8221;{}&#8221;]<\/p>\n<p style=\"text-align: justify;\">Patente und Gebrauchsmuster sch\u00fctzen Ihre Erfindungen auf allen Gebieten der Technik gegen unberechtigte Nachahmer. Patent- and utility model-protections have distinct differences, die Sie je nach Ihren unternehmerischen Vorstellungen f\u00fcr sich nutzen k\u00f6nnen:<\/p>\n<p style=\"text-align: justify;\">Das Patent ist ein gepr\u00fcftes gewerbliches Schutzrecht. Es wird nach seiner Anmeldung zun\u00e4chst amtsseitig auf das Vorliegen der einschl\u00e4gigen Schutzvoraussetzungen gepr\u00fcft. Dies kann ein l\u00e4nger andauerndes Erteilungsverfahren zur Folge haben. Allerdings f\u00fchrt dies oft zu einem Mehr an Rechtssicherheit f\u00fcr seinen Inhaber im Vergleich mit einem ungepr\u00fcften Gebrauchsmuster. Ein Patent kann sich daher insbesondere dann f\u00fcr Sie lohnen, wenn Sie mit Ihrer Erfindung einen konstanten Marktauftritt bei gleichbleibend hoher Qualit\u00e4t anstreben. Accordingly, dass auch die Schutzdauer von Patenten l\u00e4nger ist, compared to utility models.<\/p>\n<p style=\"text-align: justify;\">Das Gebrauchsmuster ist hingegen ein ungepr\u00fcftes gewerbliches Schutzrecht. Es wird ohne Pr\u00fcfung der angemeldeten Erfindung auf das Vorliegen der einschl\u00e4gigen Schutzvoraussetzungen eingetragen. Therefore, it may offer quicker protection. Ein Gebrauchsmuster kann sich daher insbesondere dann f\u00fcr Sie lohnen, as the period of protection is shorter in comparison with a patent, it is more suitable for technical fields with shorter product cycles. The fast registration without further substantive examination may turn into a disadvantage though: H\u00e4ufig erlangt der Gebrauchsmusterinhaber erst Gewissheit \u00fcber die Schutzf\u00e4higkeit seiner Erfindung, wenn es dar\u00fcber zum Streit mit einem Mitbewerber kommt.<\/p>\n<p style=\"text-align: justify;\">Dar\u00fcber hinaus ist es jedoch ebenso m\u00f6glich, it is also possible to combine the advantages of patents and utility models: After evaluating your case, die wir auf Ihren Fall ma\u00dfschneidern k\u00f6nnen.<\/p>\n<p style=\"text-align: justify;\">Please note, it is very important to apply for protection by filing a patent- or utility model-application with the corresponding office  before you go public with your invention, for example, before you start selling, advertising or offering your product or before you hand it over to a third party for manufacturing or review. Thus, please approach us well ahead of time.<\/p>\n<p style=\"text-align: justify;\">You invented a product or method and want to protect your rights before bringing it to market? Contact us, so dass wir Sie zu Patenten und Gebrauchsmustern beraten k\u00f6nnen. Jeder unserer Patentanw\u00e4lte ist zur Vertretung vor dem Deutschen Patent- and Trademark-Office (GPTO), the Federal Patent Court in Munich (FPC) in M\u00fcnchen und vor dem Amt der Europ\u00e4ischen Union f\u00fcr geistiges Eigentum (EUIPO) in Alicante.<\/p>\n<p style=\"text-align: justify;\"><a href=\"http:\/\/bhs-ip.com\/?page_id=72\/#fs\"><\/a><\/p>\n<p>[\/et_pb_tab][et_pb_tab title=&#8221;trademark&#8221; _builder_version=&#8221;4.16&#8243; body_font=&#8221;||||&#8221; body_line_height=&#8221;2in&#8221; tab_font=&#8221;||||&#8221; tab_line_height=&#8221;2in&#8221; background_size=&#8221;initial&#8221; background_position=&#8221;top_left&#8221; background_repeat=&#8221;repeat&#8221; body_line_height_tablet=&#8221;2in&#8221; body_line_height_phone=&#8221;2in&#8221; tab_line_height_tablet=&#8221;2in&#8221; tab_line_height_phone=&#8221;2in&#8221; global_colors_info=&#8221;{}&#8221;]<\/p>\n<p style=\"text-align: justify;\">Marken sch\u00fctzen Ihre Zeichen, you may protect the signs you use to label goods or services of your company, for example against your competitors or any other unauthorized imitators.<\/p>\n<p style=\"text-align: justify;\">In short, Trademarks may serve to distinguish the origin or quality of goods or services. Sie sind deshalb aus dem Alltag nicht mehr wegzudenken und im gesch\u00e4ftlichen Verkehr von gro\u00dfer Wichtigkeit.<\/p>\n<p style=\"text-align: justify;\">Die eingetragene Marke ist ein gepr\u00fcftes gewerbliches Schutzrecht. Sie wird nach Ihrer Anmeldung daher zun\u00e4chst amtsseitig auf das Vorliegen von etwaigen Schutzhindernissen gepr\u00fcft. Hierdurch erlangt der Markeninhaber jedoch auch eine gewisse Sicherheit hinsichtlich der Rechtsbest\u00e4ndigkeit seines Markenrechts.<\/p>\n<p style=\"text-align: justify;\">Markenschutz kann beliebig oft verl\u00e4ngert werden und somit einen hohen, dauerhaften Wert f\u00fcr ein Unternehmen bedeuten.<\/p>\n<p style=\"text-align: justify;\">Thus, fr\u00fchzeitig die Schutzf\u00e4higkeit eigener Zeichen, aber auch m\u00f6gliche Verletzungen bestehender Markenrechte pr\u00fcfen zu lassen, bevor Sie ein Zeichen am Markt einf\u00fchren.<\/p>\n<p style=\"text-align: justify;\">Sie m\u00f6chten Waren oder Dienstleistungen vermarkten, label them with a logo or a  (newly created)wort kennzeichnen und dieses vor Nachahmern sch\u00fctzen? Contact us, so dass wir Sie zu Markenrechten beraten k\u00f6nnen. Jeder unserer Patentanw\u00e4lte ist zur Vertretung vor dem Deutschen Patent- and Trademark-Office (GPTO), the Federal Patent Court in Munich (FPC) in M\u00fcnchen und vor dem Amt der Europ\u00e4ischen Union f\u00fcr geistiges Eigentum (EUIPO) in Alicante.<\/p>\n<p style=\"text-align: justify;\"><a href=\"http:\/\/bhs-ip.com\/?page_id=72\/#mt\"><\/a><\/p>\n<p>[\/et_pb_tab][et_pb_tab title=&#8221;Designs&#8221; _builder_version=&#8221;4.16&#8243; body_font=&#8221;||||&#8221; body_line_height=&#8221;2in&#8221; tab_font=&#8221;||||&#8221; tab_line_height=&#8221;2in&#8221; background_size=&#8221;initial&#8221; background_position=&#8221;top_left&#8221; background_repeat=&#8221;repeat&#8221; body_line_height_tablet=&#8221;2in&#8221; body_line_height_phone=&#8221;2in&#8221; tab_line_height_tablet=&#8221;2in&#8221; tab_line_height_phone=&#8221;2in&#8221; global_colors_info=&#8221;{}&#8221;]<\/p>\n<p style=\"text-align: justify;\">Eingetragene Designs sch\u00fctzen die zwei- oder dreidimensionale Erscheinungsform von industriellen oder handwerklichen Gegenst\u00e4nden gegen unberechtigte Nachahmer.<\/p>\n<p style=\"text-align: justify;\">Das eingetragene Design ist ein ungepr\u00fcftes gewerbliches Schutzrecht. Es wird ohne Pr\u00fcfung des angemeldeten Designs auf das Vorliegen der einschl\u00e4gigen Schutzvoraussetzungen eingetragen. Therefore, it may offer quicker protection. Ein eingetragenes Design kann sich daher insbesondere dann f\u00fcr Sie lohnen, it may be especially useful when you want to introduce a newly designed product on a market with short product cycles, it is more suitable for technical fields with shorter product cycles. However, the fast registration without further substantive examination may turn into a disadvantage: H\u00e4ufig erlangt der Inhaber des eingetragenen Designs erst Gewissheit \u00fcber die Schutzf\u00e4higkeit seines eingetragenen Designs, wenn es dar\u00fcber zum Streit mit einem Mitbewerber kommt.<\/p>\n<p style=\"text-align: justify;\">Therefore, vor der Vermarktung eines neuen Produkts abzukl\u00e4ren, ob es wom\u00f6glich bestehende Designschutzrechte verletzen k\u00f6nnte, oder ob dessen Gestaltung sinnvoll durch ein eingetragenes Design gesch\u00fctzt werden kann.<\/p>\n<p style=\"text-align: justify;\">However, stehen Sie jedoch unter Umst\u00e4nden nicht schutzlos da. So existiert beispielsweise die M\u00f6glichkeit aus einem nichteingetragenen Gemeinschaftsgeschmacksmuster bzw. wettbewerbsrechtlich gegen m\u00f6gliche Nachahmer vorzugehen.<\/p>\n<p style=\"text-align: justify;\">Sie m\u00f6chten einen von Ihnen gestalteten Gegenstand vermarkten und m\u00f6chten wissen, wie Sie sich vor unbefugten Nachahmern sch\u00fctzen k\u00f6nnen? Contact us, so dass wir Sie zu Designschutzrechten beraten k\u00f6nnen. Jeder unserer Patentanw\u00e4lte ist zur Vertretung vor dem Deutschen Patent- and Trademark-Office (GPTO), the Federal Patent Court in Munich (FPC) in M\u00fcnchen und vor dem Amt der Europ\u00e4ischen Union f\u00fcr geistiges Eigentum (EUIPO) in Alicante.<\/p>\n<p style=\"text-align: justify;\"><a href=\"http:\/\/bhs-ip.com\/?page_id=72\/#fs\"><\/a><\/p>\n<p>[\/et_pb_tab][\/et_pb_tabs][et_pb_text disabled_on=&#8221;|on|on&#8221; admin_label=&#8221;Mobile license&#8221; _builder_version=&#8221;4.16&#8243; background_size=&#8221;initial&#8221; background_position=&#8221;top_left&#8221; background_repeat=&#8221;repeat&#8221; global_colors_info=&#8221;{}&#8221;]<\/p>\n<h3>Patent \/ utility models<\/h3>\n<p>Patente und Gebrauchsmuster sch\u00fctzen Ihre Erfindungen auf allen Gebieten der Technik gegen unberechtigte Nachahmer. Patent- and utility model-protections have distinct differences, die Sie je nach Ihren unternehmerischen Vorstellungen f\u00fcr sich nutzen k\u00f6nnen:<\/p>\n<p>Das Patent ist ein gepr\u00fcftes gewerbliches Schutzrecht. Es wird nach seiner Anmeldung zun\u00e4chst amtsseitig auf das Vorliegen der einschl\u00e4gigen Schutzvoraussetzungen gepr\u00fcft. Dies kann ein l\u00e4nger andauerndes Erteilungsverfahren zur Folge haben. Allerdings f\u00fchrt dies oft zu einem Mehr an Rechtssicherheit f\u00fcr seinen Inhaber im Vergleich mit einem ungepr\u00fcften Gebrauchsmuster. Ein Patent kann sich daher insbesondere dann f\u00fcr Sie lohnen, wenn Sie mit Ihrer Erfindung einen konstanten Marktauftritt bei gleichbleibend hoher Qualit\u00e4t anstreben. Accordingly, dass auch die Schutzdauer von Patenten l\u00e4nger ist, compared to utility models.<\/p>\n<p>Das Gebrauchsmuster ist hingegen ein ungepr\u00fcftes gewerbliches Schutzrecht. Es wird ohne Pr\u00fcfung der angemeldeten Erfindung auf das Vorliegen der einschl\u00e4gigen Schutzvoraussetzungen eingetragen. Therefore, it may offer quicker protection. Ein Gebrauchsmuster kann sich daher insbesondere dann f\u00fcr Sie lohnen, as the period of protection is shorter in comparison with a patent, it is more suitable for technical fields with shorter product cycles. The fast registration without further substantive examination may turn into a disadvantage though: H\u00e4ufig erlangt der Gebrauchsmusterinhaber erst Gewissheit \u00fcber die Schutzf\u00e4higkeit seiner Erfindung, wenn es dar\u00fcber zum Streit mit einem Mitbewerber kommt.<\/p>\n<p>Dar\u00fcber hinaus ist es jedoch ebenso m\u00f6glich, it is also possible to combine the advantages of patents and utility models: After evaluating your case, die wir auf Ihren Fall ma\u00dfschneidern k\u00f6nnen.<\/p>\n<p>Please note, it is very important to apply for protection by filing a patent- or utility model-application with the corresponding office  before you go public with your invention, for example, before you start selling, advertising or offering your product or before you hand it over to a third party for manufacturing or review. Thus, please approach us well ahead of time.<\/p>\n<p>You invented a product or method and want to protect your rights before bringing it to market? Contact us, so dass wir Sie zu Patenten und Gebrauchsmustern beraten k\u00f6nnen. Jeder unserer Patentanw\u00e4lte ist zur Vertretung vor dem Deutschen Patent- and Trademark-Office (GPTO), the Federal Patent Court in Munich (FPC) in M\u00fcnchen und vor dem Amt der Europ\u00e4ischen Union f\u00fcr geistiges Eigentum (EUIPO) in Alicante.<\/p>\n<p>&nbsp;<\/p>\n<p>[\/et_pb_text][et_pb_text disabled_on=&#8221;|on|on&#8221; admin_label=&#8221;brand mobile&#8221; _builder_version=&#8221;4.16&#8243; background_size=&#8221;initial&#8221; background_position=&#8221;top_left&#8221; background_repeat=&#8221;repeat&#8221; global_colors_info=&#8221;{}&#8221;]<\/p>\n<h3>trademark<\/h3>\n<p>Marken sch\u00fctzen Ihre Zeichen, you may protect the signs you use to label goods or services of your company, for example against your competitors or any other unauthorized imitators.<\/p>\n<p>In short, Trademarks may serve to distinguish the origin or quality of goods or services. Sie sind deshalb aus dem Alltag nicht mehr wegzudenken und im gesch\u00e4ftlichen Verkehr von gro\u00dfer Wichtigkeit.<\/p>\n<p>Die eingetragene Marke ist ein gepr\u00fcftes gewerbliches Schutzrecht. Sie wird nach Ihrer Anmeldung daher zun\u00e4chst amtsseitig auf das Vorliegen von etwaigen Schutzhindernissen gepr\u00fcft. Hierdurch erlangt der Markeninhaber jedoch auch eine gewisse Sicherheit hinsichtlich der Rechtsbest\u00e4ndigkeit seines Markenrechts.<\/p>\n<p>Markenschutz kann beliebig oft verl\u00e4ngert werden und somit einen hohen, dauerhaften Wert f\u00fcr ein Unternehmen bedeuten.<\/p>\n<p>Thus, fr\u00fchzeitig die Schutzf\u00e4higkeit eigener Zeichen, aber auch m\u00f6gliche Verletzungen bestehender Markenrechte pr\u00fcfen zu lassen, bevor Sie ein Zeichen am Markt einf\u00fchren.<\/p>\n<p>Sie m\u00f6chten Waren oder Dienstleistungen vermarkten, label them with a logo or a  (newly created)wort kennzeichnen und dieses vor Nachahmern sch\u00fctzen? Contact us, so dass wir Sie zu Markenrechten beraten k\u00f6nnen. Jeder unserer Patentanw\u00e4lte ist zur Vertretung vor dem Deutschen Patent- and Trademark-Office (GPTO), the Federal Patent Court in Munich (FPC) in M\u00fcnchen und vor dem Amt der Europ\u00e4ischen Union f\u00fcr geistiges Eigentum (EUIPO) in Alicante.<\/p>\n<p>&nbsp;<\/p>\n<p>[\/et_pb_text][et_pb_text disabled_on=&#8221;|on|on&#8221; admin_label=&#8221;Design mobile&#8221; _builder_version=&#8221;4.16&#8243; background_size=&#8221;initial&#8221; background_position=&#8221;top_left&#8221; background_repeat=&#8221;repeat&#8221; global_colors_info=&#8221;{}&#8221;]<\/p>\n<p>Eingetragene Designs sch\u00fctzen die zwei- oder dreidimensionale Erscheinungsform von industriellen oder handwerklichen Gegenst\u00e4nden gegen unberechtigte Nachahmer.<\/p>\n<p>Das eingetragene Design ist ein ungepr\u00fcftes gewerbliches Schutzrecht. Es wird ohne Pr\u00fcfung des angemeldeten Designs auf das Vorliegen der einschl\u00e4gigen Schutzvoraussetzungen eingetragen. Therefore, it may offer quicker protection. Ein eingetragenes Design kann sich daher insbesondere dann f\u00fcr Sie lohnen, it may be especially useful when you want to introduce a newly designed product on a market with short product cycles, it is more suitable for technical fields with shorter product cycles. However, the fast registration without further substantive examination may turn into a disadvantage: H\u00e4ufig erlangt der Inhaber des eingetragenen Designs erst Gewissheit \u00fcber die Schutzf\u00e4higkeit seines eingetragenen Designs, wenn es dar\u00fcber zum Streit mit einem Mitbewerber kommt.<\/p>\n<p>Therefore, vor der Vermarktung eines neuen Produkts abzukl\u00e4ren, ob es wom\u00f6glich bestehende Designschutzrechte verletzen k\u00f6nnte, oder ob dessen Gestaltung sinnvoll durch ein eingetragenes Design gesch\u00fctzt werden kann.<\/p>\n<p>However, stehen Sie jedoch unter Umst\u00e4nden nicht schutzlos da. So existiert beispielsweise die M\u00f6glichkeit aus einem nichteingetragenen Gemeinschaftsgeschmacksmuster bzw. wettbewerbsrechtlich gegen m\u00f6gliche Nachahmer vorzugehen.<\/p>\n<p>Sie m\u00f6chten einen von Ihnen gestalteten Gegenstand vermarkten und m\u00f6chten wissen, wie Sie sich vor unbefugten Nachahmern sch\u00fctzen k\u00f6nnen? Contact us, so dass wir Sie zu Designschutzrechten beraten k\u00f6nnen. Jeder unserer Patentanw\u00e4lte ist zur Vertretung vor dem Deutschen Patent- and Trademark-Office (GPTO), the Federal Patent Court in Munich (FPC) in M\u00fcnchen und vor dem Amt der Europ\u00e4ischen Union f\u00fcr geistiges Eigentum (EUIPO) in Alicante.<\/p>\n<p><a href=\"http:\/\/bhs-ip.com\/?page_id=72\/#sh\"><\/a><\/p>\n<p>[\/et_pb_text][\/et_pb_column][\/et_pb_row][\/et_pb_section]<\/p>\n","protected":false},"excerpt":{"rendered":"<p>English Deutsch Hollenberg, Sebastian, Die Arbeitnehmererfindung als Gesch\u00e4ftsgeheimnis?, Mitteilungen der deutschen Patentanw\u00e4lte, 2021, S. 18 &#8211; 23We focus not only on the quality of our work, but also on keeping your expenses low. Accordingly, it is our goal that you can easily comprehend our billing, was wir Ihnen berechnen.Wir rechnen unsere Leistungen grunds&auml;tzlich nach Aufwand, also nach aufgewendeten Arbeitsstunden ab.Unsere Leistungen Patente und Gebrauchsmuster [&hellip;]<\/p>\n","protected":false},"author":1,"featured_media":0,"parent":0,"menu_order":0,"comment_status":"closed","ping_status":"closed","template":"","meta":{"_et_pb_use_builder":"on","_et_pb_old_content":"","_et_gb_content_width":""},"_links":{"self":[{"href":"https:\/\/bhs-ip.com\/index.php?rest_route=\/wp\/v2\/pages\/74"}],"collection":[{"href":"https:\/\/bhs-ip.com\/index.php?rest_route=\/wp\/v2\/pages"}],"about":[{"href":"https:\/\/bhs-ip.com\/index.php?rest_route=\/wp\/v2\/types\/page"}],"author":[{"embeddable":true,"href":"https:\/\/bhs-ip.com\/index.php?rest_route=\/wp\/v2\/users\/1"}],"replies":[{"embeddable":true,"href":"https:\/\/bhs-ip.com\/index.php?rest_route=%2Fwp%2Fv2%2Fcomments&post=74"}],"version-history":[{"count":41,"href":"https:\/\/bhs-ip.com\/index.php?rest_route=\/wp\/v2\/pages\/74\/revisions"}],"predecessor-version":[{"id":967,"href":"https:\/\/bhs-ip.com\/index.php?rest_route=\/wp\/v2\/pages\/74\/revisions\/967"}],"wp:attachment":[{"href":"https:\/\/bhs-ip.com\/index.php?rest_route=%2Fwp%2Fv2%2Fmedia&parent=74"}],"curies":[{"name":"wp","href":"https:\/\/api.w.org\/{rel}","templated":true}]}}