{"id":114,"date":"2017-01-23T19:16:54","date_gmt":"2017-01-23T19:16:54","guid":{"rendered":"http:\/\/bhs-ip.com\/wordpress\/?page_id=114"},"modified":"2023-10-01T14:40:07","modified_gmt":"2023-10-01T14:40:07","slug":"home","status":"publish","type":"page","link":"https:\/\/bhs-ip.com\/","title":{"rendered":"Hollenberg Schr\u00f6der Patentanw\u00e4lte PartGmbB"},"content":{"rendered":"<p>[et_pb_section fb_built=&#8220;1&#8243; admin_label=&#8220;Sektion&#8220; module_id=&#8220;flags&#8220; _builder_version=&#8220;3.22&#8243; custom_css_main_element=&#8220;top: 150px !important;||opacity: 0.9 !important;||background-color: #f9f9f9 !important;||position: fixed;||z-index: 999999;||display: none;||right: 0px !important;||width: 15%;||min-width: 115px !important;||\/*height: 50%;*\/||margin-top: 0px !important;||padding-top: 5px !important;||padding-bottom: 5px !important;||border-radius: 15px;&#8220; transparent_background=&#8220;off&#8220; make_fullwidth=&#8220;off&#8220; use_custom_width=&#8220;off&#8220; width_unit=&#8220;on&#8220; global_module=&#8220;567&#8243; global_colors_info=&#8220;{}&#8220;][et_pb_row admin_label=&#8220;Zeile&#8220; _builder_version=&#8220;4.16&#8243; background_size=&#8220;initial&#8220; background_position=&#8220;top_left&#8220; background_repeat=&#8220;repeat&#8220; global_colors_info=&#8220;{}&#8220;][et_pb_column type=&#8220;4_4&#8243; _builder_version=&#8220;4.16&#8243; custom_padding=&#8220;|||&#8220; global_colors_info=&#8220;{}&#8220; custom_padding__hover=&#8220;|||&#8220;][et_pb_text admin_label=&#8220;SPRACHAUSWAHL&#8220; _builder_version=&#8220;4.20.2&#8243; background_size=&#8220;initial&#8220; background_position=&#8220;top_left&#8220; background_repeat=&#8220;repeat&#8220; global_colors_info=&#8220;{}&#8220;]<\/p>\n<div id=\"langeng\" class=\"lang\" style=\"margin-bottom: 20px; width: 100%; text-align: center;\">\n<h3>English<\/h3>\n<\/div>\n<div id=\"langde\" class=\"lang\" style=\"margin-top: 20px; width: 100%; text-align: center;\">\n<h3>Deutsch<\/h3>\n<\/div>\n<p>[\/et_pb_text][\/et_pb_column][\/et_pb_row][et_pb_accordion_item title=&#8220;Ver\u00f6ffentlichungen Dr. Hollenberg&#8220; open=&#8220;on&#8220; _builder_version=&#8220;4.16&#8243; global_colors_info=&#8220;{}&#8220;]<\/p>\n<p style=\"text-align: justify;\"><em>Hollenberg, Sebastian<\/em>, Die Arbeitnehmererfindung als Gesch\u00e4ftsgeheimnis?, Mitteilungen der deutschen Patentanw\u00e4lte, 2021, S. 18 &#8211; 23<\/p>\n<p>[\/et_pb_accordion_item][\/et_pb_section][et_pb_section fb_built=&#8220;1&#8243; fullwidth=&#8220;on&#8220; admin_label=&#8220;section&#8220; _builder_version=&#8220;4.16&#8243; transparent_background=&#8220;off&#8220; make_fullwidth=&#8220;off&#8220; use_custom_width=&#8220;off&#8220; width_unit=&#8220;on&#8220; global_colors_info=&#8220;{}&#8220;][et_pb_fullwidth_slider admin_label=&#8220;Fullwidth Slider&#8220; _builder_version=&#8220;4.20.2&#8243; custom_padding=&#8220;|||&#8220; custom_padding_tablet=&#8220;|||&#8220; custom_padding_phone=&#8220;|||&#8220; auto=&#8220;on&#8220; auto_speed=&#8220;7500&#8243; hover_enabled=&#8220;0&#8243; box_shadow_style=&#8220;preset6&#8243; box_shadow_blur=&#8220;10px&#8220; box_shadow_color=&#8220;rgba(0,0,0,0.1)&#8220; remove_inner_shadow=&#8220;off&#8220; hide_content_on_mobile=&#8220;off&#8220; hide_cta_on_mobile=&#8220;off&#8220; show_inner_shadow=&#8220;on&#8220; button_letter_spacing_hover=&#8220;0&#8243; global_colors_info=&#8220;{}&#8220; button_text_size__hover_enabled=&#8220;off&#8220; button_one_text_size__hover_enabled=&#8220;off&#8220; button_two_text_size__hover_enabled=&#8220;off&#8220; button_text_color__hover_enabled=&#8220;off&#8220; button_one_text_color__hover_enabled=&#8220;off&#8220; button_two_text_color__hover_enabled=&#8220;off&#8220; button_border_width__hover_enabled=&#8220;off&#8220; button_one_border_width__hover_enabled=&#8220;off&#8220; button_two_border_width__hover_enabled=&#8220;off&#8220; button_border_color__hover_enabled=&#8220;off&#8220; button_one_border_color__hover_enabled=&#8220;off&#8220; button_two_border_color__hover_enabled=&#8220;off&#8220; button_border_radius__hover_enabled=&#8220;off&#8220; button_one_border_radius__hover_enabled=&#8220;off&#8220; button_two_border_radius__hover_enabled=&#8220;off&#8220; button_letter_spacing__hover_enabled=&#8220;on&#8220; button_letter_spacing__hover=&#8220;0&#8243; button_one_letter_spacing__hover_enabled=&#8220;off&#8220; button_two_letter_spacing__hover_enabled=&#8220;off&#8220; button_bg_color__hover_enabled=&#8220;off&#8220; button_one_bg_color__hover_enabled=&#8220;off&#8220; button_two_bg_color__hover_enabled=&#8220;off&#8220; sticky_enabled=&#8220;0&#8243;][et_pb_slide heading=&#8220;Herzlich Willkommen!&#8220; image=&#8220;http:\/\/bhs-ip.com\/wp-content\/uploads\/2023\/10\/HS-Logo-1.jpg&#8220; use_bg_overlay=&#8220;on&#8220; bg_overlay_color=&#8220;rgba(0,0,0,0.23)&#8220; use_text_overlay=&#8220;off&#8220; _builder_version=&#8220;4.20.2&#8243; header_font=&#8220;||||&#8220; body_font=&#8220;||||&#8220; background_color=&#8220;#8d1bf4&#8243; background_image=&#8220;http:\/\/bhs-ip.com\/wp-content\/uploads\/2017\/01\/Fr\u00fchling_II.jpg&#8220; button_icon_placement=&#8220;right&#8220; button_on_hover=&#8220;on&#8220; hover_enabled=&#8220;0&#8243; global_colors_info=&#8220;{}&#8220; button_text_size__hover_enabled=&#8220;off&#8220; button_one_text_size__hover_enabled=&#8220;off&#8220; button_two_text_size__hover_enabled=&#8220;off&#8220; button_text_color__hover_enabled=&#8220;off&#8220; button_one_text_color__hover_enabled=&#8220;off&#8220; button_two_text_color__hover_enabled=&#8220;off&#8220; button_border_width__hover_enabled=&#8220;off&#8220; button_one_border_width__hover_enabled=&#8220;off&#8220; button_two_border_width__hover_enabled=&#8220;off&#8220; button_border_color__hover_enabled=&#8220;off&#8220; button_one_border_color__hover_enabled=&#8220;off&#8220; button_two_border_color__hover_enabled=&#8220;off&#8220; button_border_radius__hover_enabled=&#8220;off&#8220; button_one_border_radius__hover_enabled=&#8220;off&#8220; button_two_border_radius__hover_enabled=&#8220;off&#8220; button_letter_spacing__hover_enabled=&#8220;off&#8220; button_one_letter_spacing__hover_enabled=&#8220;off&#8220; button_two_letter_spacing__hover_enabled=&#8220;off&#8220; button_bg_color__hover_enabled=&#8220;off&#8220; button_one_bg_color__hover_enabled=&#8220;off&#8220; button_two_bg_color__hover_enabled=&#8220;off&#8220; sticky_transition=&#8220;on&#8220; title_text=&#8220;HS-Logo&#8220; sticky_enabled=&#8220;0&#8243;]<\/p>\n<\/p>\n<p>Hollenberg Schr\u00f6der Patentanw\u00e4lte PartGmbB ist Ihr Ansprechpartner f\u00fcr den Gewerblichen Rechtsschutz &#8211; in Deutschland und weltweit.<\/p>\n<p>\n\n<p>[\/et_pb_slide][et_pb_slide use_bg_overlay=&#8220;on&#8220; bg_overlay_color=&#8220;rgba(0,0,0,0.23)&#8220; use_text_overlay=&#8220;off&#8220; admin_title=&#8220;Gutenberg&#8220; _builder_version=&#8220;4.16&#8243; header_font=&#8220;||||&#8220; body_font=&#8220;||||&#8220; background_color=&#8220;#8d1bf4&#8243; background_image=&#8220;http:\/\/bhs-ip.com\/wp-content\/uploads\/2017\/01\/Gutenberg_II.jpg&#8220; button_icon_placement=&#8220;right&#8220; button_on_hover=&#8220;on&#8220; global_colors_info=&#8220;{}&#8220; button_text_size__hover_enabled=&#8220;off&#8220; button_one_text_size__hover_enabled=&#8220;off&#8220; button_two_text_size__hover_enabled=&#8220;off&#8220; button_text_color__hover_enabled=&#8220;off&#8220; button_one_text_color__hover_enabled=&#8220;off&#8220; button_two_text_color__hover_enabled=&#8220;off&#8220; button_border_width__hover_enabled=&#8220;off&#8220; button_one_border_width__hover_enabled=&#8220;off&#8220; button_two_border_width__hover_enabled=&#8220;off&#8220; button_border_color__hover_enabled=&#8220;off&#8220; button_one_border_color__hover_enabled=&#8220;off&#8220; button_two_border_color__hover_enabled=&#8220;off&#8220; button_border_radius__hover_enabled=&#8220;off&#8220; button_one_border_radius__hover_enabled=&#8220;off&#8220; button_two_border_radius__hover_enabled=&#8220;off&#8220; button_letter_spacing__hover_enabled=&#8220;off&#8220; button_one_letter_spacing__hover_enabled=&#8220;off&#8220; button_two_letter_spacing__hover_enabled=&#8220;off&#8220; button_bg_color__hover_enabled=&#8220;off&#8220; button_one_bg_color__hover_enabled=&#8220;off&#8220; button_two_bg_color__hover_enabled=&#8220;off&#8220; sticky_transition=&#8220;on&#8220;]Unsere Kanzlei bietet Ihnen Beratung und Unterst\u00fctzung in Bezug auf Patente, Gebrauchsmuster, Marken und Designs.<br \/>\n[\/et_pb_slide][et_pb_slide use_bg_overlay=&#8220;on&#8220; bg_overlay_color=&#8220;rgba(0,0,0,0.23)&#8220; use_text_overlay=&#8220;off&#8220; admin_title=&#8220;Oper&#8220; _builder_version=&#8220;4.16&#8243; header_font=&#8220;||||&#8220; body_font=&#8220;||||&#8220; background_color=&#8220;#8d1bf4&#8243; background_image=&#8220;http:\/\/bhs-ip.com\/wp-content\/uploads\/2017\/01\/Frankfurt004-Medium.jpg&#8220; button_icon_placement=&#8220;right&#8220; button_on_hover=&#8220;on&#8220; global_colors_info=&#8220;{}&#8220; button_text_size__hover_enabled=&#8220;off&#8220; button_one_text_size__hover_enabled=&#8220;off&#8220; button_two_text_size__hover_enabled=&#8220;off&#8220; button_text_color__hover_enabled=&#8220;off&#8220; button_one_text_color__hover_enabled=&#8220;off&#8220; button_two_text_color__hover_enabled=&#8220;off&#8220; button_border_width__hover_enabled=&#8220;off&#8220; button_one_border_width__hover_enabled=&#8220;off&#8220; button_two_border_width__hover_enabled=&#8220;off&#8220; button_border_color__hover_enabled=&#8220;off&#8220; button_one_border_color__hover_enabled=&#8220;off&#8220; button_two_border_color__hover_enabled=&#8220;off&#8220; button_border_radius__hover_enabled=&#8220;off&#8220; button_one_border_radius__hover_enabled=&#8220;off&#8220; button_two_border_radius__hover_enabled=&#8220;off&#8220; button_letter_spacing__hover_enabled=&#8220;off&#8220; button_one_letter_spacing__hover_enabled=&#8220;off&#8220; button_two_letter_spacing__hover_enabled=&#8220;off&#8220; button_bg_color__hover_enabled=&#8220;off&#8220; button_one_bg_color__hover_enabled=&#8220;off&#8220; button_two_bg_color__hover_enabled=&#8220;off&#8220; sticky_transition=&#8220;on&#8220;]Nehmen Sie gerne per E-Mail oder telefonisch Kontakt auf, um Ihre individuellen Fragen mit unseren Patentanw\u00e4lten zu er\u00f6rtern.<br \/>\n[\/et_pb_slide][et_pb_slide use_bg_overlay=&#8220;on&#8220; bg_overlay_color=&#8220;rgba(0,0,0,0.23)&#8220; use_text_overlay=&#8220;off&#8220; admin_title=&#8220;Fr\u00fchling&#8220; _builder_version=&#8220;4.16&#8243; header_font=&#8220;||||&#8220; body_font=&#8220;||||&#8220; background_color=&#8220;#8d1bf4&#8243; background_image=&#8220;http:\/\/bhs-ip.com\/wp-content\/uploads\/2017\/01\/Frankfurt007-Medium.jpg&#8220; button_icon_placement=&#8220;right&#8220; button_on_hover=&#8220;on&#8220; global_colors_info=&#8220;{}&#8220; button_text_size__hover_enabled=&#8220;off&#8220; button_one_text_size__hover_enabled=&#8220;off&#8220; button_two_text_size__hover_enabled=&#8220;off&#8220; button_text_color__hover_enabled=&#8220;off&#8220; button_one_text_color__hover_enabled=&#8220;off&#8220; button_two_text_color__hover_enabled=&#8220;off&#8220; button_border_width__hover_enabled=&#8220;off&#8220; button_one_border_width__hover_enabled=&#8220;off&#8220; button_two_border_width__hover_enabled=&#8220;off&#8220; button_border_color__hover_enabled=&#8220;off&#8220; button_one_border_color__hover_enabled=&#8220;off&#8220; button_two_border_color__hover_enabled=&#8220;off&#8220; button_border_radius__hover_enabled=&#8220;off&#8220; button_one_border_radius__hover_enabled=&#8220;off&#8220; button_two_border_radius__hover_enabled=&#8220;off&#8220; button_letter_spacing__hover_enabled=&#8220;off&#8220; button_one_letter_spacing__hover_enabled=&#8220;off&#8220; button_two_letter_spacing__hover_enabled=&#8220;off&#8220; button_bg_color__hover_enabled=&#8220;off&#8220; button_one_bg_color__hover_enabled=&#8220;off&#8220; button_two_bg_color__hover_enabled=&#8220;off&#8220; sticky_transition=&#8220;on&#8220;]Zuverl\u00e4ssigkeit, Preistransparenz und immer Ihren betriebswirtschaftlichen Nutzen im Fokus &#8211; das sind die Ziele unserer Beratung.<br \/>\n[\/et_pb_slide][\/et_pb_fullwidth_slider][\/et_pb_section][et_pb_section fb_built=&#8220;1&#8243; admin_label=&#8220;section&#8220; _builder_version=&#8220;4.16&#8243; global_colors_info=&#8220;{}&#8220;][et_pb_row column_structure=&#8220;1_2,1_2&#8243; admin_label=&#8220;Zeile&#8220; _builder_version=&#8220;4.16&#8243; background_size=&#8220;initial&#8220; background_position=&#8220;top_left&#8220; background_repeat=&#8220;repeat&#8220; global_colors_info=&#8220;{}&#8220;][et_pb_column type=&#8220;1_2&#8243; _builder_version=&#8220;4.16&#8243; custom_padding=&#8220;|||&#8220; global_colors_info=&#8220;{}&#8220; custom_padding__hover=&#8220;|||&#8220;][et_pb_text admin_label=&#8220;Text Block links&#8220; _builder_version=&#8220;4.16&#8243; background_size=&#8220;initial&#8220; background_position=&#8220;top_left&#8220; background_repeat=&#8220;repeat&#8220; text_orientation=&#8220;justified&#8220; use_border_color=&#8220;off&#8220; border_color=&#8220;#ffffff&#8220; border_style=&#8220;solid&#8220; global_colors_info=&#8220;{}&#8220;]<\/p>\n<p class=\"VorformatierterText\">Unsere Kanzlei bietet Ihnen Beratung und Unterst\u00fctzung in Bezug auf Patente, Gebrauchsmuster, Marken und Designs.<\/p>\n<p>Wir unterst\u00fctzen Sie unter anderem bei Neuanmeldungen, Nachanmeldungen, Patenteinspr\u00fcchen, Markenwiderspr\u00fcchen, in Beschwerdeverfahren und im Verletzungsprozess.<\/p>\n<p>Der technische Schwerpunkt unserer Kanzlei liegt im Bereich der physikalischen Technikgebiete, der Elektronik und dem Maschinenbau.<br \/>\n[\/et_pb_text][\/et_pb_column][et_pb_column type=&#8220;1_2&#8243; _builder_version=&#8220;4.16&#8243; custom_padding=&#8220;|||&#8220; global_colors_info=&#8220;{}&#8220; custom_padding__hover=&#8220;|||&#8220;][et_pb_text admin_label=&#8220;Text&#8220; _builder_version=&#8220;4.16&#8243; background_size=&#8220;initial&#8220; background_position=&#8220;top_left&#8220; background_repeat=&#8220;repeat&#8220; text_orientation=&#8220;justified&#8220; use_border_color=&#8220;off&#8220; border_color=&#8220;#ffffff&#8220; border_style=&#8220;solid&#8220; global_colors_info=&#8220;{}&#8220;]<\/p>\n<p class=\"VorformatierterText\">Zuverl\u00e4ssigkeit, Preistransparenz und immer Ihren betriebswirtschaftlichen Nutzen im Fokus &#8211; das sind die Ziele unserer Beratung. Wir laden Sie ein, sich auf unserer Webseite \u00fcber unsere Leistungen zu informieren.<\/p>\n<p class=\"VorformatierterText\">Nehmen Sie gerne per E-Mail oder telefonisch Kontakt auf, um Ihre individuellen Fragen mit unseren Patentanw\u00e4lten zu er\u00f6rtern. Pers\u00f6nliche Treffen mit unseren Patentanw\u00e4lten sind nach Vereinbarung jederzeit m\u00f6glich, insbesondere im Ruhrgebiet (Hauptstelle Essen) und im Rhein-Main-Gebiet (Zweigstelle Mainz) &#8211; bei Bedarf jedoch \u00fcberall, wo Sie es w\u00fcnschen.<\/p>\n<p>[\/et_pb_text][\/et_pb_column][\/et_pb_row][\/et_pb_section][et_pb_section fb_built=&#8220;1&#8243; fullwidth=&#8220;on&#8220; admin_label=&#8220;Sektion&#8220; _builder_version=&#8220;4.16&#8243; global_colors_info=&#8220;{}&#8220;][et_pb_fullwidth_map address=&#8220;Essen, Deutschland&#8220; zoom_level=&#8220;9&#8243; address_lat=&#8220;51.51172558807678&#8243; address_lng=&#8220;7.134121423144513&#8243; mouse_wheel=&#8220;off&#8220; mobile_dragging=&#8220;off&#8220; admin_label=&#8220;Vollbreite Karte&#8220; _builder_version=&#8220;4.16&#8243; global_colors_info=&#8220;{}&#8220;][et_pb_map_pin title=&#8220;Essen&#8220; pin_address=&#8220;Kahrstra\u00dfe 4, 45128 Essen, Deutschland&#8220; pin_address_lat=&#8220;51.44054879999999&#8243; pin_address_lng=&#8220;7.0059612000000016&#8243; _builder_version=&#8220;3.0.47&#8243; global_colors_info=&#8220;{}&#8220;][\/et_pb_map_pin][\/et_pb_fullwidth_map][\/et_pb_section]<\/p>\n","protected":false},"excerpt":{"rendered":"<p>English Deutsch Hollenberg, Sebastian, Die Arbeitnehmererfindung als Gesch\u00e4ftsgeheimnis?, Mitteilungen der deutschen Patentanw\u00e4lte, 2021, S. 18 &#8211; 23 Hollenberg Schr\u00f6der Patentanw\u00e4lte PartGmbB ist Ihr Ansprechpartner f\u00fcr den Gewerblichen Rechtsschutz &#8211; in Deutschland und weltweit.  <span class=\"only_thislanguage\" lang=\"en\"><\/span> Hollenberg Schr\u00f6der Patentanw\u00e4lte PartGmbB is your contact for intellectual property protection &#8211; in Germany and worldwide. [&hellip;]<\/p>\n","protected":false},"author":1,"featured_media":0,"parent":0,"menu_order":0,"comment_status":"closed","ping_status":"closed","template":"","meta":{"_et_pb_use_builder":"on","_et_pb_old_content":"","_et_gb_content_width":""},"_links":{"self":[{"href":"https:\/\/bhs-ip.com\/index.php?rest_route=\/wp\/v2\/pages\/114"}],"collection":[{"href":"https:\/\/bhs-ip.com\/index.php?rest_route=\/wp\/v2\/pages"}],"about":[{"href":"https:\/\/bhs-ip.com\/index.php?rest_route=\/wp\/v2\/types\/page"}],"author":[{"embeddable":true,"href":"https:\/\/bhs-ip.com\/index.php?rest_route=\/wp\/v2\/users\/1"}],"replies":[{"embeddable":true,"href":"https:\/\/bhs-ip.com\/index.php?rest_route=%2Fwp%2Fv2%2Fcomments&post=114"}],"version-history":[{"count":68,"href":"https:\/\/bhs-ip.com\/index.php?rest_route=\/wp\/v2\/pages\/114\/revisions"}],"predecessor-version":[{"id":973,"href":"https:\/\/bhs-ip.com\/index.php?rest_route=\/wp\/v2\/pages\/114\/revisions\/973"}],"wp:attachment":[{"href":"https:\/\/bhs-ip.com\/index.php?rest_route=%2Fwp%2Fv2%2Fmedia&parent=114"}],"curies":[{"name":"wp","href":"https:\/\/api.w.org\/{rel}","templated":true}]}}