{"id":72,"date":"2017-01-22T17:12:24","date_gmt":"2017-01-22T17:12:24","guid":{"rendered":"http:\/\/bhs-ip.com\/wordpress\/?page_id=72"},"modified":"2024-02-12T09:18:39","modified_gmt":"2024-02-12T09:18:39","slug":"team","status":"publish","type":"page","link":"https:\/\/bhs-ip.com\/?page_id=72","title":{"rendered":"Team"},"content":{"rendered":"<p>[et_pb_section fb_built=&#8220;1&#8243; admin_label=&#8220;Sektion&#8220; module_id=&#8220;flags&#8220; _builder_version=&#8220;3.22&#8243; custom_css_main_element=&#8220;top: 150px !important;||opacity: 0.9 !important;||background-color: #f9f9f9 !important;||position: fixed;||z-index: 999999;||display: none;||right: 0px !important;||width: 15%;||min-width: 115px !important;||\/*height: 50%;*\/||margin-top: 0px !important;||padding-top: 5px !important;||padding-bottom: 5px !important;||border-radius: 15px;&#8220; transparent_background=&#8220;off&#8220; make_fullwidth=&#8220;off&#8220; use_custom_width=&#8220;off&#8220; width_unit=&#8220;on&#8220; global_module=&#8220;567&#8243; global_colors_info=&#8220;{}&#8220;][et_pb_row admin_label=&#8220;Zeile&#8220; _builder_version=&#8220;4.16&#8243; background_size=&#8220;initial&#8220; background_position=&#8220;top_left&#8220; background_repeat=&#8220;repeat&#8220; global_colors_info=&#8220;{}&#8220;][et_pb_column type=&#8220;4_4&#8243; _builder_version=&#8220;4.16&#8243; custom_padding=&#8220;|||&#8220; global_colors_info=&#8220;{}&#8220; custom_padding__hover=&#8220;|||&#8220;][et_pb_text admin_label=&#8220;SPRACHAUSWAHL&#8220; _builder_version=&#8220;4.20.2&#8243; background_size=&#8220;initial&#8220; background_position=&#8220;top_left&#8220; background_repeat=&#8220;repeat&#8220; global_colors_info=&#8220;{}&#8220;]<\/p>\n<div id=\"langeng\" class=\"lang\" style=\"margin-bottom: 20px; width: 100%; text-align: center;\">\n<h3>English<\/h3>\n<\/div>\n<div id=\"langde\" class=\"lang\" style=\"margin-top: 20px; width: 100%; text-align: center;\">\n<h3>Deutsch<\/h3>\n<\/div>\n<p>[\/et_pb_text][\/et_pb_column][\/et_pb_row][et_pb_accordion_item title=&#8220;Ver\u00f6ffentlichungen Dr. Hollenberg&#8220; open=&#8220;on&#8220; _builder_version=&#8220;4.16&#8243; global_colors_info=&#8220;{}&#8220;]<\/p>\n<p style=\"text-align: justify;\"><em>Hollenberg, Sebastian<\/em>, Die Arbeitnehmererfindung als Gesch\u00e4ftsgeheimnis?, Mitteilungen der deutschen Patentanw\u00e4lte, 2021, S. 18 &#8211; 23<\/p>\n<p>[\/et_pb_accordion_item][\/et_pb_section][et_pb_section fb_built=&#8220;1&#8243; inner_shadow=&#8220;on&#8220; fullwidth=&#8220;on&#8220; admin_label=&#8220;section&#8220; _builder_version=&#8220;4.16&#8243; background_color=&#8220;#10032c&#8220; global_colors_info=&#8220;{}&#8220;][et_pb_fullwidth_header title=&#8220;Team&#8220; subhead=&#8220;Excellence redefined.&#8220; content_max_width=&#8220;none&#8220; admin_label=&#8220;Vollbreite Kopfzeile&#8220; _builder_version=&#8220;4.16&#8243; background_color=&#8220;rgba(255, 255, 255, 0)&#8220; global_colors_info=&#8220;{}&#8220; button_one_text_size__hover_enabled=&#8220;off&#8220; button_two_text_size__hover_enabled=&#8220;off&#8220; button_one_text_color__hover_enabled=&#8220;off&#8220; button_two_text_color__hover_enabled=&#8220;off&#8220; button_one_border_width__hover_enabled=&#8220;off&#8220; button_two_border_width__hover_enabled=&#8220;off&#8220; button_one_border_color__hover_enabled=&#8220;off&#8220; button_two_border_color__hover_enabled=&#8220;off&#8220; button_one_border_radius__hover_enabled=&#8220;off&#8220; button_two_border_radius__hover_enabled=&#8220;off&#8220; button_one_letter_spacing__hover_enabled=&#8220;off&#8220; button_two_letter_spacing__hover_enabled=&#8220;off&#8220; button_one_bg_color__hover_enabled=&#8220;off&#8220; button_two_bg_color__hover_enabled=&#8220;off&#8220;]<\/p>\n<p class=\"VorformatierterText\" style=\"text-align: justify;\">Jeder unserer Patentanw\u00e4lte verf\u00fcgt \u00fcber mehrj\u00e4hrige technische und juristische Berufserfahrung und ist zur Beratung auf allen Gebieten des Gewerblichen Rechtsschutzes bef\u00e4higt. Verfahren mit Auslandsbezug werden in Kooperation mit Kollegen vor Ort in den jeweiligen L\u00e4ndern bearbeitet.<\/p>\n<p>[\/et_pb_fullwidth_header][\/et_pb_section][et_pb_section fb_built=&#8220;1&#8243; admin_label=&#8220;section&#8220; _builder_version=&#8220;4.16&#8243; global_colors_info=&#8220;{}&#8220;][et_pb_row admin_label=&#8220;Zeile&#8220; _builder_version=&#8220;4.16&#8243; background_size=&#8220;initial&#8220; background_position=&#8220;top_left&#8220; background_repeat=&#8220;repeat&#8220; global_colors_info=&#8220;{}&#8220;][et_pb_column type=&#8220;4_4&#8243; _builder_version=&#8220;4.16&#8243; custom_padding=&#8220;|||&#8220; global_colors_info=&#8220;{}&#8220; custom_padding__hover=&#8220;|||&#8220;][et_pb_divider color=&#8220;#e0e0e0&#8243; disabled_on=&#8220;on|on|off&#8220; admin_label=&#8220;Teiler&#8220; _builder_version=&#8220;4.16&#8243; global_colors_info=&#8220;{}&#8220;]\u00a0<br \/>\n[\/et_pb_divider][\/et_pb_column][\/et_pb_row][et_pb_row column_structure=&#8220;3_4,1_4&#8243; admin_label=&#8220;Zeile&#8220; module_id=&#8220;sh&#8220; _builder_version=&#8220;4.16&#8243; background_size=&#8220;initial&#8220; background_position=&#8220;top_left&#8220; background_repeat=&#8220;repeat&#8220; global_colors_info=&#8220;{}&#8220;][et_pb_column type=&#8220;3_4&#8243; _builder_version=&#8220;4.16&#8243; custom_padding=&#8220;|||&#8220; global_colors_info=&#8220;{}&#8220; custom_padding__hover=&#8220;|||&#8220;][et_pb_text admin_label=&#8220;SH TEXT&#8220; _builder_version=&#8220;4.16&#8243; background_size=&#8220;initial&#8220; background_position=&#8220;top_left&#8220; background_repeat=&#8220;repeat&#8220; global_colors_info=&#8220;{}&#8220;]<\/p>\n<h2 style=\"text-align: justify;\">Dr. Sebastian Hollenberg<span>, LL.M. MM<\/span><\/h2>\n<p style=\"text-align: justify;\"><em>Diplom-Physiker, Patentanwalt, Mediator, European Trademark and Design Attorney, Partner<\/em><\/p>\n<p style=\"text-align: justify;\"> Herr Dr. Hollenberg ist Diplom-Physiker. Er studierte Physik an der Technischen Universit\u00e4t Dortmund mit dem Schwerpunkt Hochenergiephysik. Er wurde mit einer Dissertation auf dem Gebiet der Neutrinophysik an der Technischen Universit\u00e4t Dortmund promoviert. Er erhielt ein Promotionsstipendium der Bestenf\u00f6rderung der Technischen Universit\u00e4t Dortmund. Mehrmonatige Auslandsaufenthalte f\u00fchrten Herrn Dr. Hollenberg im Rahmen seines Promotionsstudiums in das Vereinigte K\u00f6nigreich (Brighton) und nach Indien (Kolkatta).<\/p>\n<p style=\"text-align: justify;\">Seit 2013 ist Herr Dr. Hollenberg im Gewerblichen Rechtsschutz t\u00e4tig. Er absolvierte die Ausbildung zum Patentanwalt in einer Kanzlei in Frankfurt am Main, am Landgericht Mannheim sowie am Deutschen Patent- und Markenamt und Bundespatentgericht in M\u00fcnchen. Er ist seit 2016 als Patentanwalt zugelassen. Herr Dr. Hollenberg vertritt vor dem Deutschen Patent- und Markenamt, dem Bundespatentgericht und dem Amt der Europ\u00e4ischen Union f\u00fcr geistiges Eigentum.<\/p>\n<p style=\"text-align: justify;\">Die fachlichen Schwerpunkte von Herrn Dr. Hollenberg liegen auf dem Gebiet des Patent- und Markenrechts. Er verf\u00fcgt insbesondere \u00fcber technische Expertise im Bereich des allgemeinen Maschinenbaus, der Automobil-, Verbindungs-, Medizin- und Filtertechnik sowie der Schwingungsd\u00e4mpfung. Er begleitet europaweite und internationale Markenverfahren schwerpunktm\u00e4\u00dfig auf den Gebieten der Unternehmensberatung, in der Werbe- und Eventbranche sowie der Ge- und Verbrauchsg\u00fcter. Dar\u00fcber hinaus ber\u00e4t Herr Dr. Hollenberg zum Schutz von Gesch\u00e4ftsgeheimnissen.<\/p>\n<p style=\"text-align: justify;\">Herr Dr. Hollenberg hat den weiterbildenden Masterstudiengang <em>Europ\u00e4ischer Gewerblicher Rechtsschutz<\/em> an der FernUniversit\u00e4t in Hagen absolviert. Seine Masterarbeit befasste sich mit dem Thema &#8222;Der schwierige Austritt Gro\u00dfbritanniens aus der Europ\u00e4ischen Union &#8211; eine kritische Analyse aus der Sicht des Europ\u00e4ischen Unionsrechts&#8220;.<\/p>\n<p style=\"text-align: justify;\">Neben seiner T\u00e4tigkeit als Patentanwalt ist Herr Dr. Hollenberg auch als Mediator mit dem Schwerpunkt Wirtschaftsmediation t\u00e4tig. Die Mediationsausbildung hat Herr Dr. Hollenberg im Rahmen des weiterbildenden Masterstudiengangs <em>Master of Mediation<\/em> an der FernUniversit\u00e4t in Hagen absolviert. Seine Masterarbeit befasste sich mit dem Thema &#8222;Der Patentanwalt als (Anwalts-) Mediator? &#8211; Eine kritische Analyse aus der Sicht des reformierten patentanwaltlichen Berufsrechts&#8220;.\u00a0<\/p>\n<p style=\"text-align: justify;\">Neben der Patentanwaltskammer ist Herr Dr. Hollenberg in der Deutschen Vereinigung f\u00fcr gewerblichen Rechtsschutz und Urheberrecht (GRUR) engagiert.<\/p>\n<p style=\"text-align: justify;\">Herr Dr. Hollenberg ist Autor von Ver\u00f6ffentlichungen (<span style=\"text-decoration: underline;\"><a href=\"http:\/\/bhs-ip.com\/wp-content\/uploads\/2023\/06\/veroeffentlichungensh.pdf\"><strong>link<\/strong><\/a><\/span>) zu verschiedenen juristischen Themen. <\/p>\n<p style=\"text-align: justify;\"><\/p>\n<p>[\/et_pb_text][\/et_pb_column][et_pb_column type=&#8220;1_4&#8243; _builder_version=&#8220;4.16&#8243; custom_padding=&#8220;|||&#8220; global_colors_info=&#8220;{}&#8220; custom_padding__hover=&#8220;|||&#8220;][et_pb_image src=&#8220;http:\/\/bhs-ip.com\/wp-content\/uploads\/2017\/03\/sh_real_600x666.jpg&#8220; align=&#8220;center&#8220; align_tablet=&#8220;center&#8220; align_phone=&#8220;&#8220; align_last_edited=&#8220;on|desktop&#8220; disabled_on=&#8220;on|on|&#8220; admin_label=&#8220;SH BILD&#8220; _builder_version=&#8220;4.16&#8243; animation_style=&#8220;slide&#8220; animation_direction=&#8220;right&#8220; animation_duration=&#8220;500ms&#8220; animation_intensity_slide=&#8220;10%&#8220; custom_css_main_element=&#8220;max-width: 350px;&#8220; animation=&#8220;right&#8220; global_colors_info=&#8220;{}&#8220;]\u00a0<br \/>\n[\/et_pb_image][et_pb_text admin_label=&#8220;SH Adresse &#038; Soc Med&#8220; _builder_version=&#8220;4.16&#8243; background_size=&#8220;initial&#8220; background_position=&#8220;top_left&#8220; background_repeat=&#8220;repeat&#8220; global_colors_info=&#8220;{}&#8220;]<\/p>\n<p style=\"text-align: justify;\"><em>Herr Dr. Hollenberg ist an unserer Hauptstelle Essen f\u00fcr Sie erreichbar.<\/em><\/p>\n<p style=\"text-align: justify;\"><em>T +49 (0) 176 34 64 40 68<br \/><a href=\"mailto:sh@bhs-ip.de\">sh[at]hs-ip.eu<\/a><\/em><\/p>\n<p>[\/et_pb_text][et_pb_social_media_follow admin_label=&#8220;SOC MED SQ&#8220; _builder_version=&#8220;4.20.2&#8243; global_colors_info=&#8220;{}&#8220;][et_pb_social_media_follow_network social_network=&#8220;linkedin&#8220; url=&#8220;https:\/\/www.linkedin.com\/in\/sebastian-hollenberg-620a93136\/&#8220; _builder_version=&#8220;4.20.2&#8243; background_color=&#8220;#007bb6&#8243; bg_color=&#8220;#007bb6&#8243; global_colors_info=&#8220;{}&#8220; follow_button=&#8220;off&#8220; url_new_window=&#8220;on&#8220;]LinkedIn<br \/>\n[\/et_pb_social_media_follow_network][\/et_pb_social_media_follow][\/et_pb_column][\/et_pb_row][et_pb_row admin_label=&#8220;Zeile&#8220; _builder_version=&#8220;4.16&#8243; background_size=&#8220;initial&#8220; background_position=&#8220;top_left&#8220; background_repeat=&#8220;repeat&#8220; global_colors_info=&#8220;{}&#8220;][et_pb_column type=&#8220;4_4&#8243; _builder_version=&#8220;4.16&#8243; custom_padding=&#8220;|||&#8220; global_colors_info=&#8220;{}&#8220; custom_padding__hover=&#8220;|||&#8220;][et_pb_divider color=&#8220;#e0e0e0&#8243; disabled_on=&#8220;on|on|off&#8220; admin_label=&#8220;Teiler&#8220; _builder_version=&#8220;4.16&#8243; global_colors_info=&#8220;{}&#8220;]\u00a0<br \/>\n[\/et_pb_divider][\/et_pb_column][\/et_pb_row][et_pb_row column_structure=&#8220;3_4,1_4&#8243; admin_label=&#8220;Zeile&#8220; module_id=&#8220;fs&#8220; _builder_version=&#8220;4.16&#8243; background_size=&#8220;initial&#8220; background_position=&#8220;top_left&#8220; background_repeat=&#8220;repeat&#8220; global_colors_info=&#8220;{}&#8220;][et_pb_column type=&#8220;3_4&#8243; _builder_version=&#8220;4.16&#8243; custom_padding=&#8220;|||&#8220; global_colors_info=&#8220;{}&#8220; custom_padding__hover=&#8220;|||&#8220;][et_pb_text admin_label=&#8220;FS TEXT&#8220; _builder_version=&#8220;4.16&#8243; background_size=&#8220;initial&#8220; background_position=&#8220;top_left&#8220; background_repeat=&#8220;repeat&#8220; global_colors_info=&#8220;{}&#8220;]<\/p>\n<h2 style=\"text-align: justify;\">Dr. Florian Schr\u00f6der<\/h2>\n<p style=\"text-align: justify;\"><em>Diplom-Physiker, Patentanwalt, European Trademark and Design Attorney, Partner<\/em><\/p>\n<p class=\"VorformatierterText\" style=\"text-align: justify;\">Herr Dr. Florian Schr\u00f6der ist Diplom-Physiker und seit Januar 2015 als Patentanwalt zugelassen.<\/p>\n<p class=\"VorformatierterText\" style=\"text-align: justify;\">Er ber\u00e4t schwerpunktm\u00e4\u00dfig zu patent- und designrechtlichen Fragestellungen, insbesondere auf den technischen Gebieten W\u00e4rme- und K\u00e4ltetechnik, Hausger\u00e4te, Wind- und Solarstromanlagen, Fortbewegungsmittel, Optik, Elektronik, Kommunikationstechnik und Maschinenbau.<\/p>\n<p class=\"VorformatierterText\" style=\"text-align: justify;\">Herr Dr. Schr\u00f6der ist zur Vertretung vor dem Deutschen Patent- und Markenamt (DPMA), dem Bundespatentgericht (BPatG) in M\u00fcnchen und vor dem Amt der Europ\u00e4ischen Union f\u00fcr geistiges Eigentum (EUIPO) in Alicante zugelassen.<\/p>\n<p class=\"VorformatierterText\" style=\"text-align: justify;\">Herr Dr. Schr\u00f6der ist seit 2011 im Gewerblichen Rechtsschutz t\u00e4tig. Er absolvierte die Ausbildung auf dem Gebiet des Gewerblichen Rechtsschutzes in einer Kanzlei in M\u00fcnchen, am Oberlandesgericht M\u00fcnchen sowie am Deutschen Patent- und Markenamt und Bundespatentgericht in M\u00fcnchen.<\/p>\n<p class=\"VorformatierterText\" style=\"text-align: justify;\">Vorher hat er an der Goethe-Universit\u00e4t in Frankfurt am Main Physik studiert und wurde im Fach Geowissenschaften mit einer Doktorarbeit auf dem Gebiet der Kristallphysik promoviert. W\u00e4hrend des Studiums war er Stipendiat der Konrad-Adenauer-Stiftung. Auslandsaufenthalte w\u00e4hrend Studium und Promotion f\u00fchrten ihn nach Schweden, Frankreich, Mexiko, Russland und an das Lawrence Berkeley National Laboratory in die Vereinigten Staaten von Amerika. Seine Forschungsergebnisse sind in namhaften Fachzeitschriften publiziert worden.<\/p>\n<p>[\/et_pb_text][\/et_pb_column][et_pb_column type=&#8220;1_4&#8243; _builder_version=&#8220;4.16&#8243; custom_padding=&#8220;|||&#8220; global_colors_info=&#8220;{}&#8220; custom_padding__hover=&#8220;|||&#8220;][et_pb_image src=&#8220;http:\/\/bhs-ip.com\/wp-content\/uploads\/2017\/03\/fs_600x666.jpg&#8220; align=&#8220;center&#8220; align_tablet=&#8220;center&#8220; align_phone=&#8220;&#8220; align_last_edited=&#8220;on|desktop&#8220; disabled_on=&#8220;on|on|&#8220; admin_label=&#8220;FS BILD&#8220; _builder_version=&#8220;4.16&#8243; animation_style=&#8220;slide&#8220; animation_direction=&#8220;right&#8220; animation_duration=&#8220;500ms&#8220; animation_intensity_slide=&#8220;10%&#8220; custom_css_main_element=&#8220;max-width: 350px;&#8220; animation=&#8220;right&#8220; global_colors_info=&#8220;{}&#8220;]\u00a0<br \/>\n[\/et_pb_image][et_pb_text admin_label=&#8220;FS Adresse &#038; Soc Med&#8220; _builder_version=&#8220;4.16&#8243; background_size=&#8220;initial&#8220; background_position=&#8220;top_left&#8220; background_repeat=&#8220;repeat&#8220; global_colors_info=&#8220;{}&#8220;]<\/p>\n<p class=\"\" style=\"text-align: justify;\"><em style=\"background-color: #ffffff; font-size: 14px;\">Herr Dr.\u00a0Schr\u00f6der ist au\u00dfer an unserer Hauptstelle Essen auch insbesondere an unserer Zweigstelle\u00a0Mainz f\u00fcr Sie erreichbar.<\/em><\/p>\n<p style=\"text-align: justify;\">\u00a0<em>T +49 (0) 201 85 89 68 98<\/em><\/p>\n<p style=\"text-align: justify;\"><em> <a href=\"mailto:fs@bhs-ip.de\">fs[at]hs-ip.eu<\/a><\/em><\/p>\n<p>[\/et_pb_text][et_pb_social_media_follow admin_label=&#8220;SOC MED SQ&#8220; _builder_version=&#8220;4.16&#8243; global_colors_info=&#8220;{}&#8220;][et_pb_social_media_follow_network social_network=&#8220;linkedin&#8220; url=&#8220;https:\/\/www.linkedin.com\/in\/dr-florian-schr%C3%B6der-462237b4\/&#8220; _builder_version=&#8220;4.16&#8243; background_color=&#8220;#007bb6&#8243; bg_color=&#8220;#007bb6&#8243; global_colors_info=&#8220;{}&#8220; follow_button=&#8220;off&#8220; url_new_window=&#8220;on&#8220;]LinkedIn<br \/>\n[\/et_pb_social_media_follow_network][\/et_pb_social_media_follow][\/et_pb_column][\/et_pb_row][et_pb_row admin_label=&#8220;Zeile&#8220; _builder_version=&#8220;4.16&#8243; background_size=&#8220;initial&#8220; background_position=&#8220;top_left&#8220; background_repeat=&#8220;repeat&#8220; global_colors_info=&#8220;{}&#8220;][et_pb_column type=&#8220;4_4&#8243; _builder_version=&#8220;4.16&#8243; custom_padding=&#8220;|||&#8220; global_colors_info=&#8220;{}&#8220; custom_padding__hover=&#8220;|||&#8220;][et_pb_divider color=&#8220;#e0e0e0&#8243; disabled_on=&#8220;on|on|off&#8220; admin_label=&#8220;Teiler&#8220; _builder_version=&#8220;4.16&#8243; global_colors_info=&#8220;{}&#8220;]\u00a0<br \/>\n[\/et_pb_divider][\/et_pb_column][\/et_pb_row][\/et_pb_section]<\/p>\n","protected":false},"excerpt":{"rendered":"<p>English Deutsch Hollenberg, Sebastian, Die Arbeitnehmererfindung als Gesch\u00e4ftsgeheimnis?, Mitteilungen der deutschen Patentanw\u00e4lte, 2021, S. 18 &#8211; 23Jeder unserer Patentanw\u00e4lte verf\u00fcgt \u00fcber mehrj\u00e4hrige technische und juristische Berufserfahrung und ist zur Beratung auf allen Gebieten des Gewerblichen Rechtsschutzes bef\u00e4higt. Verfahren mit Auslandsbezug werden in Kooperation mit Kollegen vor Ort in den jeweiligen L\u00e4ndern bearbeitet.\u00a0 Dr. Sebastian Hollenberg, [&hellip;]<\/p>\n","protected":false},"author":1,"featured_media":0,"parent":0,"menu_order":0,"comment_status":"closed","ping_status":"closed","template":"","meta":{"_et_pb_use_builder":"on","_et_pb_old_content":"","_et_gb_content_width":""},"_links":{"self":[{"href":"https:\/\/bhs-ip.com\/index.php?rest_route=\/wp\/v2\/pages\/72"}],"collection":[{"href":"https:\/\/bhs-ip.com\/index.php?rest_route=\/wp\/v2\/pages"}],"about":[{"href":"https:\/\/bhs-ip.com\/index.php?rest_route=\/wp\/v2\/types\/page"}],"author":[{"embeddable":true,"href":"https:\/\/bhs-ip.com\/index.php?rest_route=\/wp\/v2\/users\/1"}],"replies":[{"embeddable":true,"href":"https:\/\/bhs-ip.com\/index.php?rest_route=%2Fwp%2Fv2%2Fcomments&post=72"}],"version-history":[{"count":138,"href":"https:\/\/bhs-ip.com\/index.php?rest_route=\/wp\/v2\/pages\/72\/revisions"}],"predecessor-version":[{"id":977,"href":"https:\/\/bhs-ip.com\/index.php?rest_route=\/wp\/v2\/pages\/72\/revisions\/977"}],"wp:attachment":[{"href":"https:\/\/bhs-ip.com\/index.php?rest_route=%2Fwp%2Fv2%2Fmedia&parent=72"}],"curies":[{"name":"wp","href":"https:\/\/api.w.org\/{rel}","templated":true}]}}