{"id":74,"date":"2017-01-22T17:12:43","date_gmt":"2017-01-22T17:12:43","guid":{"rendered":"http:\/\/bhs-ip.com\/wordpress\/?page_id=74"},"modified":"2023-10-01T13:29:02","modified_gmt":"2023-10-01T13:29:02","slug":"leistungen","status":"publish","type":"page","link":"https:\/\/bhs-ip.com\/?page_id=74","title":{"rendered":"Leistungen"},"content":{"rendered":"<p>[et_pb_section fb_built=&#8220;1&#8243; admin_label=&#8220;Sektion&#8220; module_id=&#8220;flags&#8220; _builder_version=&#8220;3.22&#8243; custom_css_main_element=&#8220;top: 150px !important;||opacity: 0.9 !important;||background-color: #f9f9f9 !important;||position: fixed;||z-index: 999999;||display: none;||right: 0px !important;||width: 15%;||min-width: 115px !important;||\/*height: 50%;*\/||margin-top: 0px !important;||padding-top: 5px !important;||padding-bottom: 5px !important;||border-radius: 15px;&#8220; transparent_background=&#8220;off&#8220; make_fullwidth=&#8220;off&#8220; use_custom_width=&#8220;off&#8220; width_unit=&#8220;on&#8220; global_module=&#8220;567&#8243; global_colors_info=&#8220;{}&#8220;][et_pb_row admin_label=&#8220;Zeile&#8220; _builder_version=&#8220;4.16&#8243; background_size=&#8220;initial&#8220; background_position=&#8220;top_left&#8220; background_repeat=&#8220;repeat&#8220; global_colors_info=&#8220;{}&#8220;][et_pb_column type=&#8220;4_4&#8243; _builder_version=&#8220;4.16&#8243; custom_padding=&#8220;|||&#8220; global_colors_info=&#8220;{}&#8220; custom_padding__hover=&#8220;|||&#8220;][et_pb_text admin_label=&#8220;SPRACHAUSWAHL&#8220; _builder_version=&#8220;4.20.2&#8243; background_size=&#8220;initial&#8220; background_position=&#8220;top_left&#8220; background_repeat=&#8220;repeat&#8220; global_colors_info=&#8220;{}&#8220;]<\/p>\n<div id=\"langeng\" class=\"lang\" style=\"margin-bottom: 20px; width: 100%; text-align: center;\">\n<h3>English<\/h3>\n<\/div>\n<div id=\"langde\" class=\"lang\" style=\"margin-top: 20px; width: 100%; text-align: center;\">\n<h3>Deutsch<\/h3>\n<\/div>\n<p>[\/et_pb_text][\/et_pb_column][\/et_pb_row][et_pb_accordion_item title=&#8220;Ver\u00f6ffentlichungen Dr. Hollenberg&#8220; open=&#8220;on&#8220; _builder_version=&#8220;4.16&#8243; global_colors_info=&#8220;{}&#8220;]<\/p>\n<p style=\"text-align: justify;\"><em>Hollenberg, Sebastian<\/em>, Die Arbeitnehmererfindung als Gesch\u00e4ftsgeheimnis?, Mitteilungen der deutschen Patentanw\u00e4lte, 2021, S. 18 &#8211; 23<\/p>\n<p>[\/et_pb_accordion_item][\/et_pb_section][et_pb_section fb_built=&#8220;1&#8243; inner_shadow=&#8220;on&#8220; fullwidth=&#8220;on&#8220; admin_label=&#8220;section&#8220; _builder_version=&#8220;4.16&#8243; background_color=&#8220;#10032c&#8220; global_colors_info=&#8220;{}&#8220;][et_pb_fullwidth_header title=&#8220;Leistungen&#8220; content_max_width=&#8220;none&#8220; admin_label=&#8220;Vollbreite Kopfzeile&#8220; _builder_version=&#8220;4.16&#8243; background_color=&#8220;rgba(255, 255, 255, 0)&#8220; global_colors_info=&#8220;{}&#8220; button_one_text_size__hover_enabled=&#8220;off&#8220; button_two_text_size__hover_enabled=&#8220;off&#8220; button_one_text_color__hover_enabled=&#8220;off&#8220; button_two_text_color__hover_enabled=&#8220;off&#8220; button_one_border_width__hover_enabled=&#8220;off&#8220; button_two_border_width__hover_enabled=&#8220;off&#8220; button_one_border_color__hover_enabled=&#8220;off&#8220; button_two_border_color__hover_enabled=&#8220;off&#8220; button_one_border_radius__hover_enabled=&#8220;off&#8220; button_two_border_radius__hover_enabled=&#8220;off&#8220; button_one_letter_spacing__hover_enabled=&#8220;off&#8220; button_two_letter_spacing__hover_enabled=&#8220;off&#8220; button_one_bg_color__hover_enabled=&#8220;off&#8220; button_two_bg_color__hover_enabled=&#8220;off&#8220;]<\/p>\n<p style=\"text-align: justify;\">Neben der Qualit&auml;t unserer Leistungen haben wir auch immer Ihre Kosten im Blick.<\/p>\n<p style=\"text-align: justify;\">Wir wollen, dass Sie jederzeit nachvollziehen k&ouml;nnen, was wir Ihnen berechnen.<\/p>\n<p>[\/et_pb_fullwidth_header][\/et_pb_section][et_pb_section fb_built=&#8220;1&#8243; admin_label=&#8220;section&#8220; _builder_version=&#8220;4.16&#8243; global_colors_info=&#8220;{}&#8220;][et_pb_row admin_label=&#8220;row&#8220; _builder_version=&#8220;4.16&#8243; background_size=&#8220;initial&#8220; background_position=&#8220;top_left&#8220; background_repeat=&#8220;repeat&#8220; global_colors_info=&#8220;{}&#8220;][et_pb_column type=&#8220;4_4&#8243; _builder_version=&#8220;4.16&#8243; custom_padding=&#8220;|||&#8220; global_colors_info=&#8220;{}&#8220; custom_padding__hover=&#8220;|||&#8220;][et_pb_text admin_label=&#8220;Intro Text&#8220; _builder_version=&#8220;4.16&#8243; background_size=&#8220;initial&#8220; background_position=&#8220;top_left&#8220; background_repeat=&#8220;repeat&#8220; global_colors_info=&#8220;{}&#8220;]<\/p>\n<p style=\"text-align: center;\">Wir rechnen unsere Leistungen grunds&auml;tzlich nach Aufwand, also nach aufgewendeten Arbeitsstunden ab.<\/p>\n<p>[\/et_pb_text][et_pb_text admin_label=&#8220;Leistungen header&#8220; _builder_version=&#8220;4.16&#8243; background_size=&#8220;initial&#8220; background_position=&#8220;top_left&#8220; background_repeat=&#8220;repeat&#8220; global_colors_info=&#8220;{}&#8220;]<\/p>\n<h3 style=\"text-align: center;\">Unsere Leistungen<\/h3>\n<p>[\/et_pb_text][et_pb_tabs disabled_on=&#8220;on||off&#8220; admin_label=&#8220;Leistungen TabControl&#8220; _builder_version=&#8220;4.16&#8243; background_size=&#8220;initial&#8220; background_position=&#8220;top_left&#8220; background_repeat=&#8220;repeat&#8220; global_colors_info=&#8220;{}&#8220;][et_pb_tab title=&#8220;Patente und Gebrauchsmuster&#8220; _builder_version=&#8220;4.16&#8243; body_font=&#8220;||||&#8220; body_line_height=&#8220;2em&#8220; tab_font=&#8220;||||&#8220; tab_line_height=&#8220;2em&#8220; background_size=&#8220;initial&#8220; background_position=&#8220;top_left&#8220; background_repeat=&#8220;repeat&#8220; body_line_height_tablet=&#8220;2em&#8220; body_line_height_phone=&#8220;2em&#8220; tab_line_height_tablet=&#8220;2em&#8220; tab_line_height_phone=&#8220;2em&#8220; global_colors_info=&#8220;{}&#8220;]<\/p>\n<p style=\"text-align: justify;\">Patente und Gebrauchsmuster sch\u00fctzen Ihre Erfindungen auf allen Gebieten der Technik gegen unberechtigte Nachahmer. Dabei unterscheiden sich der Patent- und Gebrauchsmusterschutz in einigen wichtigen Aspekten, die Sie je nach Ihren unternehmerischen Vorstellungen f\u00fcr sich nutzen k\u00f6nnen:<\/p>\n<p style=\"text-align: justify;\">Das Patent ist ein gepr\u00fcftes gewerbliches Schutzrecht. Es wird nach seiner Anmeldung zun\u00e4chst amtsseitig auf das Vorliegen der einschl\u00e4gigen Schutzvoraussetzungen gepr\u00fcft. Dies kann ein l\u00e4nger andauerndes Erteilungsverfahren zur Folge haben. Allerdings f\u00fchrt dies oft zu einem Mehr an Rechtssicherheit f\u00fcr seinen Inhaber im Vergleich mit einem ungepr\u00fcften Gebrauchsmuster. Ein Patent kann sich daher insbesondere dann f\u00fcr Sie lohnen, wenn Sie mit Ihrer Erfindung einen konstanten Marktauftritt bei gleichbleibend hoher Qualit\u00e4t anstreben. Hierzu passt, dass auch die Schutzdauer von Patenten l\u00e4nger ist, als die von Gebrauchsmustern.<\/p>\n<p style=\"text-align: justify;\">Das Gebrauchsmuster ist hingegen ein ungepr\u00fcftes gewerbliches Schutzrecht. Es wird ohne Pr\u00fcfung der angemeldeten Erfindung auf das Vorliegen der einschl\u00e4gigen Schutzvoraussetzungen eingetragen. Es bietet somit schnellen Schutz. Ein Gebrauchsmuster kann sich daher insbesondere dann f\u00fcr Sie lohnen, wenn Sie Ihre technische Erfindung auf einem Markt platzieren wollen, der schnellen Innovationszyklen unterliegt. Der Vorteil des Gebrauchsmusters kann jedoch ebenso sein Nachteil sein: H\u00e4ufig erlangt der Gebrauchsmusterinhaber erst Gewissheit \u00fcber die Schutzf\u00e4higkeit seiner Erfindung, wenn es dar\u00fcber zum Streit mit einem Mitbewerber kommt.<\/p>\n<p style=\"text-align: justify;\">Dar\u00fcber hinaus ist es jedoch ebenso m\u00f6glich, die Vorteile von Patenten und Gebrauchsmustern zu kombinieren: Hierzu gibt es verschiedene Anmeldestrategien, die wir auf Ihren Fall ma\u00dfschneidern k\u00f6nnen.<\/p>\n<p style=\"text-align: justify;\">Wichtig ist, dass Sie die Patent- oder Gebrauchsmusteranmeldung vornehmen, bevor Sie mit Ihrer Entwicklung auf den Markt gehen oder an Interessenten herantreten. Sprechen Sie uns daher rechtzeitig an.<\/p>\n<p style=\"text-align: justify;\">Sie haben ein Produkt oder ein Verfahren entwickelt und wollen die Rechte an Ihrer technischen Erfindung vor der Vermarktung absichern? Nehmen Sie Kontakt mit uns auf, so dass wir Sie zu Patenten und Gebrauchsmustern beraten k\u00f6nnen. Jeder unserer Patentanw\u00e4lte ist zur Vertretung vor dem Deutschen Patent- und Markenamt (DPMA), dem Bundespatentgericht (BPatG) in M\u00fcnchen und vor dem Amt der Europ\u00e4ischen Union f\u00fcr geistiges Eigentum (EUIPO) in Alicante zugelassen.<\/p>\n<p style=\"text-align: justify;\"><a href=\"http:\/\/bhs-ip.com\/?page_id=72\/#fs\"><\/a><\/p>\n<p>[\/et_pb_tab][et_pb_tab title=&#8220;Marken&#8220; _builder_version=&#8220;4.16&#8243; body_font=&#8220;||||&#8220; body_line_height=&#8220;2em&#8220; tab_font=&#8220;||||&#8220; tab_line_height=&#8220;2em&#8220; background_size=&#8220;initial&#8220; background_position=&#8220;top_left&#8220; background_repeat=&#8220;repeat&#8220; body_line_height_tablet=&#8220;2em&#8220; body_line_height_phone=&#8220;2em&#8220; tab_line_height_tablet=&#8220;2em&#8220; tab_line_height_phone=&#8220;2em&#8220; global_colors_info=&#8220;{}&#8220;]<\/p>\n<p style=\"text-align: justify;\">Marken sch\u00fctzen Ihre Zeichen, die Sie zur Kennzeichnung der Waren oder Dienstleistungen Ihres Unternehmens verwenden, gegen unberechtigte Nachahmer.<\/p>\n<p style=\"text-align: justify;\">Marken dienen dabei unter anderem dazu, die betriebliche Herkunft von Waren oder Dienstleistungen oder deren qualitative Beschaffenheit zu kennzeichnen. Sie sind deshalb aus dem Alltag nicht mehr wegzudenken und im gesch\u00e4ftlichen Verkehr von gro\u00dfer Wichtigkeit.<\/p>\n<p style=\"text-align: justify;\">Die eingetragene Marke ist ein gepr\u00fcftes gewerbliches Schutzrecht. Sie wird nach Ihrer Anmeldung daher zun\u00e4chst amtsseitig auf das Vorliegen von etwaigen Schutzhindernissen gepr\u00fcft. Hierdurch erlangt der Markeninhaber jedoch auch eine gewisse Sicherheit hinsichtlich der Rechtsbest\u00e4ndigkeit seines Markenrechts.<\/p>\n<p style=\"text-align: justify;\">Markenschutz kann beliebig oft verl\u00e4ngert werden und somit einen hohen, dauerhaften Wert f\u00fcr ein Unternehmen bedeuten.<\/p>\n<p style=\"text-align: justify;\">Deshalb ist es wichtig, fr\u00fchzeitig die Schutzf\u00e4higkeit eigener Zeichen, aber auch m\u00f6gliche Verletzungen bestehender Markenrechte pr\u00fcfen zu lassen, bevor Sie ein Zeichen am Markt einf\u00fchren.<\/p>\n<p style=\"text-align: justify;\">Sie m\u00f6chten Waren oder Dienstleistungen vermarkten, mit einem Logo oder einem (Kunst-)wort kennzeichnen und dieses vor Nachahmern sch\u00fctzen? Nehmen Sie Kontakt mit uns auf, so dass wir Sie zu Markenrechten beraten k\u00f6nnen. Jeder unserer Patentanw\u00e4lte ist zur Vertretung vor dem Deutschen Patent- und Markenamt (DPMA), dem Bundespatentgericht (BPatG) in M\u00fcnchen und vor dem Amt der Europ\u00e4ischen Union f\u00fcr geistiges Eigentum (EUIPO) in Alicante zugelassen.<\/p>\n<p style=\"text-align: justify;\"><a href=\"http:\/\/bhs-ip.com\/?page_id=72\/#mt\"><\/a><\/p>\n<p>[\/et_pb_tab][et_pb_tab title=&#8220;Designs&#8220; _builder_version=&#8220;4.16&#8243; body_font=&#8220;||||&#8220; body_line_height=&#8220;2em&#8220; tab_font=&#8220;||||&#8220; tab_line_height=&#8220;2em&#8220; background_size=&#8220;initial&#8220; background_position=&#8220;top_left&#8220; background_repeat=&#8220;repeat&#8220; body_line_height_tablet=&#8220;2em&#8220; body_line_height_phone=&#8220;2em&#8220; tab_line_height_tablet=&#8220;2em&#8220; tab_line_height_phone=&#8220;2em&#8220; global_colors_info=&#8220;{}&#8220;]<\/p>\n<p style=\"text-align: justify;\">Eingetragene Designs sch\u00fctzen die zwei- oder dreidimensionale Erscheinungsform von industriellen oder handwerklichen Gegenst\u00e4nden gegen unberechtigte Nachahmer.<\/p>\n<p style=\"text-align: justify;\">Das eingetragene Design ist ein ungepr\u00fcftes gewerbliches Schutzrecht. Es wird ohne Pr\u00fcfung des angemeldeten Designs auf das Vorliegen der einschl\u00e4gigen Schutzvoraussetzungen eingetragen. Es bietet somit schnellen Schutz. Ein eingetragenes Design kann sich daher insbesondere dann f\u00fcr Sie lohnen, wenn Sie Ihre industriellen oder handwerklichen Erzeugnisse auf einem Markt platzieren wollen, der schnellen Innovationszyklen unterliegt. Der Vorteil des eingetragenen Designs kann jedoch ebenso sein Nachteil sein: H\u00e4ufig erlangt der Inhaber des eingetragenen Designs erst Gewissheit \u00fcber die Schutzf\u00e4higkeit seines eingetragenen Designs, wenn es dar\u00fcber zum Streit mit einem Mitbewerber kommt.<\/p>\n<p style=\"text-align: justify;\">Deshalb ist es besonders wichtig, vor der Vermarktung eines neuen Produkts abzukl\u00e4ren, ob es wom\u00f6glich bestehende Designschutzrechte verletzen k\u00f6nnte, oder ob dessen Gestaltung sinnvoll durch ein eingetragenes Design gesch\u00fctzt werden kann.<\/p>\n<p style=\"text-align: justify;\">Auch wenn Sie bereits mit Ihrem Produkt am Markt sind, stehen Sie jedoch unter Umst\u00e4nden nicht schutzlos da. So existiert beispielsweise die M\u00f6glichkeit aus einem nichteingetragenen Gemeinschaftsgeschmacksmuster bzw. wettbewerbsrechtlich gegen m\u00f6gliche Nachahmer vorzugehen.<\/p>\n<p style=\"text-align: justify;\">Sie m\u00f6chten einen von Ihnen gestalteten Gegenstand vermarkten und m\u00f6chten wissen, wie Sie sich vor unbefugten Nachahmern sch\u00fctzen k\u00f6nnen? Nehmen Sie Kontakt mit uns auf, so dass wir Sie zu Designschutzrechten beraten k\u00f6nnen. Jeder unserer Patentanw\u00e4lte ist zur Vertretung vor dem Deutschen Patent- und Markenamt (DPMA), dem Bundespatentgericht (BPatG) in M\u00fcnchen und vor dem Amt der Europ\u00e4ischen Union f\u00fcr geistiges Eigentum (EUIPO) in Alicante zugelassen.<\/p>\n<p style=\"text-align: justify;\"><a href=\"http:\/\/bhs-ip.com\/?page_id=72\/#fs\"><\/a><\/p>\n<p>[\/et_pb_tab][\/et_pb_tabs][et_pb_text disabled_on=&#8220;|on|on&#8220; admin_label=&#8220;Patente mobile&#8220; _builder_version=&#8220;4.16&#8243; background_size=&#8220;initial&#8220; background_position=&#8220;top_left&#8220; background_repeat=&#8220;repeat&#8220; global_colors_info=&#8220;{}&#8220;]<\/p>\n<h3>Patente \/ Gebrauchsmuster<\/h3>\n<p>Patente und Gebrauchsmuster sch\u00fctzen Ihre Erfindungen auf allen Gebieten der Technik gegen unberechtigte Nachahmer. Dabei unterscheiden sich der Patent- und Gebrauchsmusterschutz in einigen wichtigen Aspekten, die Sie je nach Ihren unternehmerischen Vorstellungen f\u00fcr sich nutzen k\u00f6nnen:<\/p>\n<p>Das Patent ist ein gepr\u00fcftes gewerbliches Schutzrecht. Es wird nach seiner Anmeldung zun\u00e4chst amtsseitig auf das Vorliegen der einschl\u00e4gigen Schutzvoraussetzungen gepr\u00fcft. Dies kann ein l\u00e4nger andauerndes Erteilungsverfahren zur Folge haben. Allerdings f\u00fchrt dies oft zu einem Mehr an Rechtssicherheit f\u00fcr seinen Inhaber im Vergleich mit einem ungepr\u00fcften Gebrauchsmuster. Ein Patent kann sich daher insbesondere dann f\u00fcr Sie lohnen, wenn Sie mit Ihrer Erfindung einen konstanten Marktauftritt bei gleichbleibend hoher Qualit\u00e4t anstreben. Hierzu passt, dass auch die Schutzdauer von Patenten l\u00e4nger ist, als die von Gebrauchsmustern.<\/p>\n<p>Das Gebrauchsmuster ist hingegen ein ungepr\u00fcftes gewerbliches Schutzrecht. Es wird ohne Pr\u00fcfung der angemeldeten Erfindung auf das Vorliegen der einschl\u00e4gigen Schutzvoraussetzungen eingetragen. Es bietet somit schnellen Schutz. Ein Gebrauchsmuster kann sich daher insbesondere dann f\u00fcr Sie lohnen, wenn Sie Ihre technische Erfindung auf einem Markt platzieren wollen, der schnellen Innovationszyklen unterliegt. Der Vorteil des Gebrauchsmusters kann jedoch ebenso sein Nachteil sein: H\u00e4ufig erlangt der Gebrauchsmusterinhaber erst Gewissheit \u00fcber die Schutzf\u00e4higkeit seiner Erfindung, wenn es dar\u00fcber zum Streit mit einem Mitbewerber kommt.<\/p>\n<p>Dar\u00fcber hinaus ist es jedoch ebenso m\u00f6glich, die Vorteile von Patenten und Gebrauchsmustern zu kombinieren: Hierzu gibt es verschiedene Anmeldestrategien, die wir auf Ihren Fall ma\u00dfschneidern k\u00f6nnen.<\/p>\n<p>Wichtig ist, dass Sie die Patent- oder Gebrauchsmusteranmeldung vornehmen, bevor Sie mit Ihrer Entwicklung auf den Markt gehen oder an Interessenten herantreten. Sprechen Sie uns daher rechtzeitig an.<\/p>\n<p>Sie haben ein Produkt oder ein Verfahren entwickelt und wollen die Rechte an Ihrer technischen Erfindung vor der Vermarktung absichern? Nehmen Sie Kontakt mit uns auf, so dass wir Sie zu Patenten und Gebrauchsmustern beraten k\u00f6nnen. Jeder unserer Patentanw\u00e4lte ist zur Vertretung vor dem Deutschen Patent- und Markenamt (DPMA), dem Bundespatentgericht (BPatG) in M\u00fcnchen und vor dem Amt der Europ\u00e4ischen Union f\u00fcr geistiges Eigentum (EUIPO) in Alicante zugelassen.<\/p>\n<p>&nbsp;<\/p>\n<p>[\/et_pb_text][et_pb_text disabled_on=&#8220;|on|on&#8220; admin_label=&#8220;Marken mobile&#8220; _builder_version=&#8220;4.16&#8243; background_size=&#8220;initial&#8220; background_position=&#8220;top_left&#8220; background_repeat=&#8220;repeat&#8220; global_colors_info=&#8220;{}&#8220;]<\/p>\n<h3>Marken<\/h3>\n<p>Marken sch\u00fctzen Ihre Zeichen, die Sie zur Kennzeichnung der Waren oder Dienstleistungen Ihres Unternehmens verwenden, gegen unberechtigte Nachahmer.<\/p>\n<p>Marken dienen dabei unter anderem dazu, die betriebliche Herkunft von Waren oder Dienstleistungen oder deren qualitative Beschaffenheit zu kennzeichnen. Sie sind deshalb aus dem Alltag nicht mehr wegzudenken und im gesch\u00e4ftlichen Verkehr von gro\u00dfer Wichtigkeit.<\/p>\n<p>Die eingetragene Marke ist ein gepr\u00fcftes gewerbliches Schutzrecht. Sie wird nach Ihrer Anmeldung daher zun\u00e4chst amtsseitig auf das Vorliegen von etwaigen Schutzhindernissen gepr\u00fcft. Hierdurch erlangt der Markeninhaber jedoch auch eine gewisse Sicherheit hinsichtlich der Rechtsbest\u00e4ndigkeit seines Markenrechts.<\/p>\n<p>Markenschutz kann beliebig oft verl\u00e4ngert werden und somit einen hohen, dauerhaften Wert f\u00fcr ein Unternehmen bedeuten.<\/p>\n<p>Deshalb ist es wichtig, fr\u00fchzeitig die Schutzf\u00e4higkeit eigener Zeichen, aber auch m\u00f6gliche Verletzungen bestehender Markenrechte pr\u00fcfen zu lassen, bevor Sie ein Zeichen am Markt einf\u00fchren.<\/p>\n<p>Sie m\u00f6chten Waren oder Dienstleistungen vermarkten, mit einem Logo oder einem (Kunst-)wort kennzeichnen und dieses vor Nachahmern sch\u00fctzen? Nehmen Sie Kontakt mit uns auf, so dass wir Sie zu Markenrechten beraten k\u00f6nnen. Jeder unserer Patentanw\u00e4lte ist zur Vertretung vor dem Deutschen Patent- und Markenamt (DPMA), dem Bundespatentgericht (BPatG) in M\u00fcnchen und vor dem Amt der Europ\u00e4ischen Union f\u00fcr geistiges Eigentum (EUIPO) in Alicante zugelassen.<\/p>\n<p>&nbsp;<\/p>\n<p>[\/et_pb_text][et_pb_text disabled_on=&#8220;|on|on&#8220; admin_label=&#8220;Design mobile&#8220; _builder_version=&#8220;4.16&#8243; background_size=&#8220;initial&#8220; background_position=&#8220;top_left&#8220; background_repeat=&#8220;repeat&#8220; global_colors_info=&#8220;{}&#8220;]<\/p>\n<p>Eingetragene Designs sch\u00fctzen die zwei- oder dreidimensionale Erscheinungsform von industriellen oder handwerklichen Gegenst\u00e4nden gegen unberechtigte Nachahmer.<\/p>\n<p>Das eingetragene Design ist ein ungepr\u00fcftes gewerbliches Schutzrecht. Es wird ohne Pr\u00fcfung des angemeldeten Designs auf das Vorliegen der einschl\u00e4gigen Schutzvoraussetzungen eingetragen. Es bietet somit schnellen Schutz. Ein eingetragenes Design kann sich daher insbesondere dann f\u00fcr Sie lohnen, wenn Sie Ihre industriellen oder handwerklichen Erzeugnisse auf einem Markt platzieren wollen, der schnellen Innovationszyklen unterliegt. Der Vorteil des eingetragenen Designs kann jedoch ebenso sein Nachteil sein: H\u00e4ufig erlangt der Inhaber des eingetragenen Designs erst Gewissheit \u00fcber die Schutzf\u00e4higkeit seines eingetragenen Designs, wenn es dar\u00fcber zum Streit mit einem Mitbewerber kommt.<\/p>\n<p>Deshalb ist es besonders wichtig, vor der Vermarktung eines neuen Produkts abzukl\u00e4ren, ob es wom\u00f6glich bestehende Designschutzrechte verletzen k\u00f6nnte, oder ob dessen Gestaltung sinnvoll durch ein eingetragenes Design gesch\u00fctzt werden kann.<\/p>\n<p>Auch wenn Sie bereits mit Ihrem Produkt am Markt sind, stehen Sie jedoch unter Umst\u00e4nden nicht schutzlos da. So existiert beispielsweise die M\u00f6glichkeit aus einem nichteingetragenen Gemeinschaftsgeschmacksmuster bzw. wettbewerbsrechtlich gegen m\u00f6gliche Nachahmer vorzugehen.<\/p>\n<p>Sie m\u00f6chten einen von Ihnen gestalteten Gegenstand vermarkten und m\u00f6chten wissen, wie Sie sich vor unbefugten Nachahmern sch\u00fctzen k\u00f6nnen? Nehmen Sie Kontakt mit uns auf, so dass wir Sie zu Designschutzrechten beraten k\u00f6nnen. Jeder unserer Patentanw\u00e4lte ist zur Vertretung vor dem Deutschen Patent- und Markenamt (DPMA), dem Bundespatentgericht (BPatG) in M\u00fcnchen und vor dem Amt der Europ\u00e4ischen Union f\u00fcr geistiges Eigentum (EUIPO) in Alicante zugelassen.<\/p>\n<p><a href=\"http:\/\/bhs-ip.com\/?page_id=72\/#sh\"><\/a><\/p>\n<p>[\/et_pb_text][\/et_pb_column][\/et_pb_row][\/et_pb_section]<\/p>\n","protected":false},"excerpt":{"rendered":"<p>English Deutsch Hollenberg, Sebastian, Die Arbeitnehmererfindung als Gesch\u00e4ftsgeheimnis?, Mitteilungen der deutschen Patentanw\u00e4lte, 2021, S. 18 &#8211; 23Neben der Qualit&auml;t unserer Leistungen haben wir auch immer Ihre Kosten im Blick. Wir wollen, dass Sie jederzeit nachvollziehen k&ouml;nnen, was wir Ihnen berechnen.Wir rechnen unsere Leistungen grunds&auml;tzlich nach Aufwand, also nach aufgewendeten Arbeitsstunden ab.Unsere Leistungen Patente und Gebrauchsmuster [&hellip;]<\/p>\n","protected":false},"author":1,"featured_media":0,"parent":0,"menu_order":0,"comment_status":"closed","ping_status":"closed","template":"","meta":{"_et_pb_use_builder":"on","_et_pb_old_content":"","_et_gb_content_width":""},"_links":{"self":[{"href":"https:\/\/bhs-ip.com\/index.php?rest_route=\/wp\/v2\/pages\/74"}],"collection":[{"href":"https:\/\/bhs-ip.com\/index.php?rest_route=\/wp\/v2\/pages"}],"about":[{"href":"https:\/\/bhs-ip.com\/index.php?rest_route=\/wp\/v2\/types\/page"}],"author":[{"embeddable":true,"href":"https:\/\/bhs-ip.com\/index.php?rest_route=\/wp\/v2\/users\/1"}],"replies":[{"embeddable":true,"href":"https:\/\/bhs-ip.com\/index.php?rest_route=%2Fwp%2Fv2%2Fcomments&post=74"}],"version-history":[{"count":41,"href":"https:\/\/bhs-ip.com\/index.php?rest_route=\/wp\/v2\/pages\/74\/revisions"}],"predecessor-version":[{"id":967,"href":"https:\/\/bhs-ip.com\/index.php?rest_route=\/wp\/v2\/pages\/74\/revisions\/967"}],"wp:attachment":[{"href":"https:\/\/bhs-ip.com\/index.php?rest_route=%2Fwp%2Fv2%2Fmedia&parent=74"}],"curies":[{"name":"wp","href":"https:\/\/api.w.org\/{rel}","templated":true}]}}