{"id":78,"date":"2017-01-22T17:13:19","date_gmt":"2017-01-22T17:13:19","guid":{"rendered":"http:\/\/bhs-ip.com\/wordpress\/?page_id=78"},"modified":"2023-10-01T14:41:58","modified_gmt":"2023-10-01T14:41:58","slug":"impressum","status":"publish","type":"page","link":"https:\/\/bhs-ip.com\/?page_id=78","title":{"rendered":"Impressum"},"content":{"rendered":"<p>[et_pb_section fb_built=&#8220;1&#8243; admin_label=&#8220;Sektion&#8220; module_id=&#8220;flags&#8220; _builder_version=&#8220;3.22&#8243; custom_css_main_element=&#8220;top: 150px !important;||opacity: 0.9 !important;||background-color: #f9f9f9 !important;||position: fixed;||z-index: 999999;||display: none;||right: 0px !important;||width: 15%;||min-width: 115px !important;||\/*height: 50%;*\/||margin-top: 0px !important;||padding-top: 5px !important;||padding-bottom: 5px !important;||border-radius: 15px;&#8220; transparent_background=&#8220;off&#8220; make_fullwidth=&#8220;off&#8220; use_custom_width=&#8220;off&#8220; width_unit=&#8220;on&#8220; global_module=&#8220;567&#8243; global_colors_info=&#8220;{}&#8220;][et_pb_row admin_label=&#8220;Zeile&#8220; _builder_version=&#8220;4.16&#8243; background_size=&#8220;initial&#8220; background_position=&#8220;top_left&#8220; background_repeat=&#8220;repeat&#8220; global_colors_info=&#8220;{}&#8220;][et_pb_column type=&#8220;4_4&#8243; _builder_version=&#8220;4.16&#8243; custom_padding=&#8220;|||&#8220; global_colors_info=&#8220;{}&#8220; custom_padding__hover=&#8220;|||&#8220;][et_pb_text admin_label=&#8220;SPRACHAUSWAHL&#8220; _builder_version=&#8220;4.20.2&#8243; background_size=&#8220;initial&#8220; background_position=&#8220;top_left&#8220; background_repeat=&#8220;repeat&#8220; global_colors_info=&#8220;{}&#8220;]<\/p>\n<div id=\"langeng\" class=\"lang\" style=\"margin-bottom: 20px; width: 100%; text-align: center;\">\n<h3>English<\/h3>\n<\/div>\n<div id=\"langde\" class=\"lang\" style=\"margin-top: 20px; width: 100%; text-align: center;\">\n<h3>Deutsch<\/h3>\n<\/div>\n<p>[\/et_pb_text][\/et_pb_column][\/et_pb_row][et_pb_accordion_item title=&#8220;Ver\u00f6ffentlichungen Dr. Hollenberg&#8220; open=&#8220;on&#8220; _builder_version=&#8220;4.16&#8243; global_colors_info=&#8220;{}&#8220;]<\/p>\n<p style=\"text-align: justify;\"><em>Hollenberg, Sebastian<\/em>, Die Arbeitnehmererfindung als Gesch\u00e4ftsgeheimnis?, Mitteilungen der deutschen Patentanw\u00e4lte, 2021, S. 18 &#8211; 23<\/p>\n<p>[\/et_pb_accordion_item][\/et_pb_section][et_pb_section fb_built=&#8220;1&#8243; admin_label=&#8220;section&#8220; _builder_version=&#8220;4.16&#8243; global_colors_info=&#8220;{}&#8220;][et_pb_row admin_label=&#8220;row&#8220; _builder_version=&#8220;4.16&#8243; background_size=&#8220;initial&#8220; background_position=&#8220;top_left&#8220; background_repeat=&#8220;repeat&#8220; global_colors_info=&#8220;{}&#8220;][et_pb_column type=&#8220;4_4&#8243; _builder_version=&#8220;4.16&#8243; custom_padding=&#8220;|||&#8220; global_colors_info=&#8220;{}&#8220; custom_padding__hover=&#8220;|||&#8220;][et_pb_text admin_label=&#8220;Impressum \/ Rechtliches&#8220; _builder_version=&#8220;4.20.2&#8243; background_size=&#8220;initial&#8220; background_position=&#8220;top_left&#8220; background_repeat=&#8220;repeat&#8220; hover_enabled=&#8220;0&#8243; global_colors_info=&#8220;{}&#8220; sticky_enabled=&#8220;0&#8243;]<\/p>\n<h2 style=\"text-align: justify;\"><\/h2>\n<h2 style=\"text-align: justify;\">IMPRESSUM \/ RECHTLICHES<\/h2>\n<h3 style=\"text-align: justify;\">Betreiber<\/h3>\n<p style=\"text-align: justify;\">Hollenberg Schr\u00f6der Patentanw\u00e4lte PartGmbB<\/p>\n<h3 style=\"text-align: justify;\">Kontakt<\/h3>\n<p style=\"text-align: justify;\">Kanzleihauptstelle:<br \/>Grugaplatz 2 &#8211; 4<br \/>45131 Essen<\/p>\n<p style=\"text-align: justify;\">Kanzleizweigstelle Mainz:<br \/>Berliner Stra\u00dfe 33b<br \/>55131 Mainz<\/p>\n<p style=\"text-align: justify;\">Telefon: +49 (0) 201 85 89 68 98<br \/>E-Mail: info@hs-ip.eu<\/p>\n<h3 style=\"text-align: justify;\">Veranwortlicher i.S.d. \u00a7 55 Abs. 2 RStV<\/h3>\n<p style=\"text-align: justify;\">Dr. Florian Schr\u00f6der, Berliner Stra\u00dfe 33b, 55131 Mainz<\/p>\n<h3 style=\"text-align: justify;\">Rechtsform, Register<\/h3>\n<p style=\"text-align: justify;\">Hollenberg Schr\u00f6der Patentanw\u00e4lte PartGmbB ist eine Partnerschaftsgesellschaft mit beschr\u00e4nkter Berufshaftung (PartGmbB) nach Ma\u00dfgabe des Partnerschaftsgesellschaftsgesetzes (PartGG). Die Partnerschaftsgesellschaft mit beschr\u00e4nkter Berufshaftung ist eingetragen im Partnerschaftsregister des Amtsgerichts Essen unter der Registernummer PR 4027. Sitz der Partnerschaftsgesellschaft mit beschr\u00e4nkter Berufshaftung ist Essen.<\/p>\n<h3 style=\"text-align: justify;\">Partner, Vertretung<\/h3>\n<p style=\"text-align: justify;\">Partner der Hollenberg Schr\u00f6der PartGmbB sind nach Ma\u00dfgabe des Partnerschaftsgesellschaftsgesetzes (PartGG): Herr Patentanwalt Dr. Sebastian Hollenberg und Herr Patentanwalt Dr. Florian Schr\u00f6der. Jeder der genannten Partner vertritt einzeln. Jeder Partner ist befugt, im Namen der Partnerschaft mit sich im eigenen Namen oder als Vertreter eines Dritten Rechtsgesch\u00e4fte vorzunehmen.<\/p>\n<h3 style=\"text-align: justify;\">Berufsbezeichnung und zust\u00e4ndige Kammer<\/h3>\n<p style=\"text-align: justify;\">Die Patentanw\u00e4lte der Kanzlei sind nach dem Recht der Bundesrepublik Deutschland zugelassen und Mitglieder der Patentanwaltskammer, Tal 29, 80331 M\u00fcnchen, E-Mail: dpak@patentanwalt.de, <a href=\"http:\/\/www.patentanwalt.de\">www.patentanwalt.de<\/a>.<\/p>\n<h3 style=\"text-align: justify;\">Umsatzsteueridentifikationsnummer (\u00a7 27a UStG)<\/h3>\n<p style=\"text-align: justify;\">USt-IdNr.: DE312675643<\/p>\n<h2>Berufshaftpflichtversicherung<\/h2>\n<p style=\"text-align: justify;\">R+V Allgemeine Versicherung AG<br \/>Raiffeisenplatz 1<br \/>65189 Wiesbaden<\/p>\n<p style=\"text-align: justify;\">Versichert ist die gesetzliche Haftpflicht des Versicherungsnehmers aus der freiberuflichen T\u00e4tigkeit als deutscher Patentanwalt, ebenso die T\u00e4tigkeit vor dem Amt der Europ\u00e4ischen Union f\u00fcr geistiges Eigentum (EUIPO) und der Weltorganisation f\u00fcr geistiges Eigentum (WIPO).<\/p>\n<p style=\"text-align: justify;\">Der Versicherungsschutz bezieht sich nicht auf Haftpflichtanspr\u00fcche aus T\u00e4tigkeiten \u00fcber in anderen Staaten eingerichtete oder unterhaltene Kanzleien oder B\u00fcros, aus T\u00e4tigkeiten im Zusammenhang mit der Beratung und Besch\u00e4ftigung mit au\u00dfereurop\u00e4ischem Recht und aus der T\u00e4tigkeit des Patentanwalts vor au\u00dfereurop\u00e4ischen Gerichten.<\/p>\n<h3 style=\"text-align: justify;\">Berufsrechtliche Regelungen<\/h3>\n<p style=\"text-align: justify;\">Es gelten die folgenden berufsrechtlichen Regelungen:<\/p>\n<p style=\"text-align: justify;\">Patentanwaltsordnung (PAO),<br \/>Berufsordnung der Patentanw\u00e4lte (BOPA),<br \/>Standesregeln der F\u00e9d\u00e9ration Internationale des Conseils en Propri\u00e9t\u00e9 Intellectuelle (FICPI)<\/p>\n<p style=\"text-align: justify;\">Die berufsrechtlichen Regelungen der Patentanwaltsordnung und der Berufsordnung der Patentanw\u00e4lte k\u00f6nnen \u00fcber die Homepage der Patentanwaltskammer (www.patentanwalt.de), die Standesregeln der F\u00e9d\u00e9ration Internationale des Conseils en Propri\u00e9t\u00e9 Intellectuelle (FICPI) k\u00f6nnen \u00fcber deren Homepage (www.ficpi.org) eingesehen und abgerufen werden.<\/p>\n<h3 style=\"text-align: justify;\">Mandatsannahme<\/h3>\n<p style=\"text-align: justify;\">Die Wahrnehmung widerstreitender Interessen ist Patentanw\u00e4lten aufgrund berufsrechtlicher Regelungen untersagt (\u00a7 39a Abs. 4 PAO). Vor Annahme eines Mandats wird deshalb immer gepr\u00fcft, ob ein Interessenkonflikt besteht.<\/p>\n<p style=\"text-align: justify;\">Die Annahme eines Mandats bedarf in jedem Fall der ausdr\u00fccklichen Best\u00e4tigung durch einen der f\u00fcr die Partnerschaftsgesellschaft mit beschr\u00e4nkter Berufshaftung vertretungsberechtigten Patentanw\u00e4lte.<\/p>\n<h3 style=\"text-align: justify;\">Au\u00dfergerichtliche Streitschlichtung<\/h3>\n<p style=\"text-align: justify;\">Bei Streitigkeiten zwischen Patentanw\u00e4lten und ihren Auftraggebern besteht auf Antrag die M\u00f6glichkeit einer au\u00dfergerichtlichen Streitschlichtung bei der Patentanwaltskammer (\u00a7\u00a7 69 Abs. 2 Nr. 3, Abs. 5 PAO).<\/p>\n<p style=\"text-align: justify;\">Zur Teilnahme an Streitbeilegungsverfahren vor einer Verbraucherschlichtungsstelle sind wir gesetzlich nicht verpflichtet. Wir bitten daher um Verst\u00e4ndnis, dass wir unsere Teilnahme an solchen Streitbeilegungsverfahren grunds\u00e4tzlich ausschlie\u00dfen.<\/p>\n<h3 style=\"text-align: justify;\">Bildnachweise<\/h3>\n<h2><\/h2>\n<p style=\"text-align: justify;\">Slider auf der Startseite:<br \/>&#8222;Frankfurt Skyline im Fr\u00fchling&#8220;; Aufnahme: Dr. Florian Schr\u00f6der<br \/>&#8222;Johannes-Gutenberg-Denkmal von E. Schmidt von der Launitz&#8220;; Aufnahme: Dr. Florian Schr\u00f6der<br \/>&#8222;Opernplatz in Frankfurt am Main&#8220;; Aufnahme: Dr. Florian Schr\u00f6der<br \/>&#8222;Gerechtigkeitsbrunnen von F. Schierholz auf dem Frankfurter R\u00f6merberg&#8220;; Aufnahme: Dr. Florian Schr\u00f6der<br \/>Einzelaufnahmen der Anw\u00e4lte: PicturePeople Frankfurt am Main MyZeil<br \/>Gruppenaufnahme auf der &#8222;Kontakt&#8220;-Seite: PicturePeople Frankfurt am Main MyZeil<\/p>\n<h3 style=\"text-align: justify;\">Webseiten Dritter<\/h3>\n<p style=\"text-align: justify;\">Dieses Impressum gilt auch f\u00fcr die Auftritte der Partnerschaftsgesellschaft mit beschr\u00e4nkter Berufshaftung bei Webseiten Dritter, n\u00e4mlich Facebook, Twitter, Xing und LinkedIn.<\/p>\n<h2><span>Haftungsausschluss (Disclaimer)<\/span><\/h2>\n<p><span><\/span><\/p>\n<h3>Haftung f\u00fcr Inhalte<\/h3>\n<p>Als Diensteanbieter sind wir gem\u00e4\u00df \u00a7 7 Abs. 1 TMG f\u00fcr eigene Inhalte auf diesen Seiten nach den allgemeinen Gesetzen verantwortlich. Nach \u00a7\u00a7 8 bis 10 TMG sind wir als Diensteanbieter jedoch nicht verpflichtet, \u00fcbermittelte oder gespeicherte fremde Informationen zu \u00fcberwachen oder nach Umst\u00e4nden zu forschen, die auf eine rechtswidrige T\u00e4tigkeit hinweisen.<br \/>Verpflichtungen zur Entfernung oder Sperrung der Nutzung von Informationen nach den allgemeinen Gesetzen bleiben hiervon unber\u00fchrt. Eine diesbez\u00fcgliche Haftung ist jedoch erst ab dem Zeitpunkt der Kenntnis einer konkreten Rechtsverletzung m\u00f6glich. Bei Bekanntwerden von entsprechenden Rechtsverletzungen werden wir diese Inhalte umgehend entfernen.<br \/>Die Inhalte dieses Internetauftritts stellen keine Rechtsberatung dar, sondern sollen lediglich der Information dienen. Trotz sorgf\u00e4ltiger Pr\u00fcfung und Bearbeitung der Inhalte wird f\u00fcr deren Richtigkeit keine Gew\u00e4hr \u00fcbernommen.<\/p>\n<h3>Haftung f\u00fcr Links<\/h3>\n<p>Unser Angebot enth\u00e4lt Links zu externen Webseiten Dritter. Wir haben auf deren Inhalte keinen Einfluss. Deshalb k\u00f6nnen wir f\u00fcr diese fremden Inhalte auch keine Gew\u00e4hr \u00fcbernehmen. F\u00fcr die Inhalte der verlinkten Seiten ist stets der jeweilige Anbieter oder Betreiber der Seiten verantwortlich. Die verlinkten Seiten wurden zum Zeitpunkt der Verlinkung auf m\u00f6gliche Rechtsverst\u00f6\u00dfe \u00fcberpr\u00fcft. Rechtswidrige Inhalte waren zum Zeitpunkt der Verlinkung nicht erkennbar.<br \/>Eine permanente inhaltliche Kontrolle der verlinkten Seiten ist jedoch ohne konkrete Anhaltspunkte einer Rechtsverletzung nicht zumutbar. Bei Bekanntwerden von Rechtsverletzungen werden wir derartige Links umgehend entfernen.<\/p>\n<h3>Urheberrecht<\/h3>\n<p>Die durch die Seitenbetreiber erstellten Inhalte und Werke auf diesen Seiten unterliegen dem deutschen Urheberrecht. Die Vervielf\u00e4ltigung, Bearbeitung, Verbreitung und jede Art der Verwertung au\u00dferhalb der Grenzen des Urheberrechtes bed\u00fcrfen der schriftlichen Zustimmung des jeweiligen Autors bzw. Erstellers. Downloads und Kopien dieser Seite sind nur f\u00fcr den privaten, nicht kommerziellen Gebrauch gestattet.<br \/>Soweit die Inhalte auf dieser Seite nicht vom Betreiber erstellt wurden, werden die Urheberrechte Dritter beachtet. Insbesondere werden Inhalte Dritter als solche gekennzeichnet. Sollten Sie trotzdem auf eine Urheberrechtsverletzung aufmerksam werden, bitten wir um einen entsprechenden Hinweis. Bei Bekanntwerden von Rechtsverletzungen werden wir derartige Inhalte umgehend entfernen.<\/p>\n<h1>Datenschutzerkl\u00e4rung<\/h1>\n<h3>Datenschutz<\/h3>\n<p>Die Betreiber dieser Seiten nehmen den Schutz Ihrer pers\u00f6nlichen Daten sehr ernst. Wir behandeln Ihre personenbezogenen Daten vertraulich und entsprechend der gesetzlichen Datenschutzvorschriften sowie dieser Datenschutzerkl\u00e4rung.<br \/>Die Nutzung unserer Webseite ist in der Regel ohne Angabe personenbezogener Daten m\u00f6glich. Soweit auf unseren Seiten personenbezogene Daten (beispielsweise Name, Anschrift oder E-Mail-Adressen) erhoben werden, erfolgt dies, soweit m\u00f6glich, stets auf freiwilliger Basis. Diese Daten werden ohne Ihre ausdr\u00fcckliche Zustimmung nicht an Dritte weitergegeben.<br \/>Wir weisen darauf hin, dass die Daten\u00fcbertragung im Internet (z.B. bei der Kommunikation per E-Mail) Sicherheitsl\u00fccken aufweisen kann. Ein l\u00fcckenloser Schutz der Daten vor dem Zugriff durch Dritte ist nicht m\u00f6glich.<\/p>\n<h3>Datenschutzerkl\u00e4rung f\u00fcr die Nutzung von LinkedIn<\/h3>\n<p>Unsere Website nutzt Funktionen des Netzwerks LinkedIn. Anbieter ist die LinkedIn Corporation, 2029 Stierlin Court, Mountain View, CA 94043, USA. Bei jedem Abruf einer unserer Seiten, die Funktionen von LinkedIn enth\u00e4lt, wird eine Verbindung zu Servern von LinkedIn aufbaut. LinkedIn wird dar\u00fcber informiert, dass Sie unsere Internetseiten mit Ihrer IP-Adresse besucht haben. Wenn Sie den &#8222;Recommend-Button&#8220; von LinkedIn anklicken und in Ihrem Account bei LinkedIn eingeloggt sind, ist es LinkedIn m\u00f6glich, Ihren Besuch auf unserer Internetseite Ihnen und Ihrem Benutzerkonto zuzuordnen. Wir weisen darauf hin, dass wir als Anbieter der Seiten keine Kenntnis vom Inhalt der \u00fcbermittelten Daten sowie deren Nutzung durch LinkedIn haben.<br \/>Weitere Informationen hierzu finden Sie in der Datenschutzerkl\u00e4rung von LinkedIn unter: <a href=\"https:\/\/www.linkedin.com\/legal\/privacy-policy\">https:\/\/www.linkedin.com\/legal\/privacy-policy<\/a><\/p>\n<h3>Datenschutzerkl\u00e4rung f\u00fcr die Nutzung von Xing<\/h3>\n<p>Unsere Webseite nutzt Funktionen des Netzwerks XING. Anbieter ist die XING AG, Dammtorstra\u00dfe 29-32, 20354 Hamburg, Deutschland. Bei jedem Abruf einer unserer Seiten, die Funktionen von Xing enth\u00e4lt, wird eine Verbindung zu Servern von Xing hergestellt. Eine Speicherung von personenbezogenen Daten erfolgt dabei nach unserer Kenntnis nicht. Insbesondere werden keine IP-Adressen gespeichert oder das Nutzungsverhalten ausgewertet.<br \/>Weitere Information zum Datenschutz und dem Xing Share-Button finden Sie in der Datenschutzerkl\u00e4rung von Xing unter <a href=\"https:\/\/www.xing.com\/app\/share?op=data_protection\">https:\/\/www.xing.com\/app\/share?op=data_protection<\/a><\/p>\n<h3>Datenschutzerkl\u00e4rung f\u00fcr die Nutzung von Facebook-Plugins (Like-Button)<\/h3>\n<p>Auf unseren Seiten sind Plugins des sozialen Netzwerks Facebook, 1601 South California Avenue, Palo Alto, CA 94304, USA integriert. Die Facebook-Plugins erkennen Sie an dem Facebook-Logo oder dem &#8222;Like-Button&#8220; (&#8222;Gef\u00e4llt mir\u201c) auf unserer Seite. Eine \u00dcbersicht \u00fcber die Facebook-Plugins finden Sie hier: <a href=\"http:\/\/developers.facebook.com\/docs\/plugins\/\">http:\/\/developers.facebook.com\/docs\/plugins\/<\/a> Wenn Sie unsere Seiten besuchen, wird \u00fcber das Plugin eine direkte Verbindung zwischen Ihrem Browser und dem Facebook-Server hergestellt. Facebook erh\u00e4lt dadurch die Information, dass Sie mit Ihrer IP-Adresse unsere Seite besucht haben. Wenn Sie den Facebook \u201eLike-Button\u201c anklicken w\u00e4hrend Sie in Ihrem Facebook-Account eingeloggt sind, k\u00f6nnen Sie die Inhalte unserer Seiten auf Ihrem Facebook-Profil verlinken. Dadurch kann Facebook den Besuch unserer Seiten Ihrem Benutzerkonto zuordnen. Wir weisen darauf hin, dass wir als Anbieter der Seiten keine Kenntnis vom Inhalt der \u00fcbermittelten Daten sowie deren Nutzung durch Facebook erhalten. Weitere Informationen hierzu finden Sie in der Datenschutzerkl\u00e4rung von facebook unter <a href=\"https:\/\/de-de.facebook.com\/policy.php\">https:\/\/de-de.facebook.com\/policy.php<\/a><\/p>\n<p>Wenn Sie nicht w\u00fcnschen, dass Facebook den Besuch unserer Seiten Ihrem Facebook-Nutzerkonto zuordnen kann, loggen Sie sich bitte aus Ihrem Facebook-Benutzerkonto aus.<\/p>\n<h3>Auskunft, L\u00f6schung, Sperrung<\/h3>\n<p>Sie haben jederzeit das Recht auf unentgeltliche Auskunft \u00fcber Ihre gespeicherten personenbezogenen Daten, deren Herkunft und Empf\u00e4nger und den Zweck der Datenverarbeitung sowie ein Recht auf Berichtigung, Sperrung oder L\u00f6schung dieser Daten. Hierzu sowie zu weiteren Fragen zum Thema personenbezogene Daten k\u00f6nnen Sie sich jederzeit unter der im Impressum angegebenen Adresse an uns wenden.<\/p>\n<h3>Cookies<\/h3>\n<p>Die Internetseiten verwenden teilweise so genannte Cookies. Cookies richten auf Ihrem Rechner keinen Schaden an und enthalten keine Viren. Cookies dienen dazu, unser Angebot nutzerfreundlicher, effektiver und sicherer zu machen. Cookies sind kleine Textdateien, die auf Ihrem Rechner abgelegt werden und die Ihr Browser speichert.<br \/>Die meisten der von uns verwendeten Cookies sind so genannte \u201eSession-Cookies\u201c. Sie werden nach Ende Ihres Besuchs automatisch gel\u00f6scht. Andere Cookies bleiben auf Ihrem Endger\u00e4t gespeichert, bis Sie diese l\u00f6schen. Diese Cookies erm\u00f6glichen es uns, Ihren Browser beim n\u00e4chsten Besuch wiederzuerkennen.<br \/>Sie k\u00f6nnen Ihren Browser so einstellen, dass Sie \u00fcber das Setzen von Cookies informiert werden und Cookies nur im Einzelfall erlauben, die Annahme von Cookies f\u00fcr bestimmte F\u00e4lle oder generell ausschlie\u00dfen sowie das automatische L\u00f6schen der Cookies beim Schlie\u00dfen des Browser aktivieren. Bei der Deaktivierung von Cookies kann die Funktionalit\u00e4t dieser Website eingeschr\u00e4nkt sein.<\/p>\n<h3>Server-Log-Files<\/h3>\n<p>Der Provider der Seiten erhebt und speichert automatisch Informationen in so genannten Server-Log Files, die Ihr Browser automatisch an uns \u00fcbermittelt. Dies sind:<\/p>\n<ul>\n<li>Browsertyp\/ Browserversion<\/li>\n<li>Verwendetes Betriebssystem<\/li>\n<li>Referrer URL<\/li>\n<li>Hostname des zugreifenden Rechners<\/li>\n<li>Uhrzeit der Serveranfrage<\/li>\n<\/ul>\n<p>Diese Daten sind nicht bestimmten Personen zuordenbar. Eine Zusammenf\u00fchrung dieser Daten mit anderen Datenquellen wird nicht vorgenommen. Wir behalten uns vor, diese Daten nachtr\u00e4glich zu pr\u00fcfen, wenn uns konkrete Anhaltspunkte f\u00fcr eine rechtswidrige Nutzung bekannt werden.<\/p>\n<h3>Widerspruch Werbe-Mails<\/h3>\n<p>Der Nutzung von im Rahmen der Impressumspflicht ver\u00f6ffentlichten Kontaktdaten zur \u00dcbersendung von nicht ausdr\u00fccklich angeforderter Werbung und Informationsmaterialien wird hiermit widersprochen. Die Betreiber der Seiten behalten sich ausdr\u00fccklich rechtliche Schritte im Falle der unverlangten Zusendung von Werbeinformationen, etwa durch Spam-E-Mails, vor.<\/p>\n<h3>Aktive Komponenten<\/h3>\n<p>In unserem Informationsangebot wird Javascript verwendet. Diese Funktion kann durch die Einstellung des Internetbrowsers abgeschaltet werden.<\/p>\n<h3>Datenverarbeitung bei Kontaktaufnahme<\/h3>\n<p>Bei Kontaktaufnahme durch Nutzer werden die von den Nutzern mitgeteilten Daten zur Bearbeitung erhoben, verarbeitet und genutzt. Die Datenverarbeitung zum Zwecke der Kontaktaufnahme erfolgt auf Grundlage der freiwillig erteilten Einwilligung.<\/p>\n<h3>Weitergabe von Daten<\/h3>\n<p class=\"\">Eine \u00dcbermittlung von personenbezogen Daten an Dritte erfolgt nur, wenn die Weitergabe zur Wahrnehmung der gesetzlichen Aufgaben der Patentanwaltskammer oder zur Geltendmachung, Aus\u00fcbung oder Verteidigung von Rechtsanspr\u00fcchen erforderlich ist oder eine gesetzliche Verpflichtung besteht oder dies gesetzlich zul\u00e4ssig und f\u00fcr die Abwicklung von Vertragsverh\u00e4ltnissen erforderlich ist oder eine Einwilligung hierf\u00fcr erteilt wurde.<\/p>\n<h3>Betroffenenrechte<\/h3>\n<p class=\"\">Betroffene haben unter den gesetzlichen Voraussetzungen das Recht auf Auskunft \u00fcber die betreffenden personenbezogenen Daten sowie auf Berichtigung, L\u00f6schung oder auf Einschr\u00e4nkung der Verarbeitung. Des Weiteren haben Betroffene nach Ma\u00dfgabe der gesetzlichen Voraussetzungen ein Widerspruchsrechts gegen die Verarbeitung, ein Widerrufsrecht, soweit die Verarbeitung auf einer Einwilligung beruht, sowie ein Recht auf Beschwerde bei der Aufsichtsbeh\u00f6rde.<\/p>\n<h3>Datensicherheit<\/h3>\n<p>Es werden geeignete technische und organisatorische Sicherheitsma\u00dfnahmen eingesetzt, um die Daten gegen zuf\u00e4llige oder vors\u00e4tzliche Manipulationen, teilweisen oder vollst\u00e4ndigen Verlust, Zerst\u00f6rung oder gegen den unbefugten Zugriff Dritter zu sch\u00fctzen. Die Sicherheitsma\u00dfnahmen werden entsprechend der technologischen Entwicklung fortlaufend verbessert.<\/p>\n<h3>Links zu Webseiten anderer Anbieter<\/h3>\n<p>Soweit unser Online-Angebot Links zu Webseiten anderer Anbieter enth\u00e4lt, haben wir keinen Einfluss darauf, dass diese Anbieter die Datenschutzbestimmungen einhalten.<\/p>\n<h3>Einwilligung<\/h3>\n<p>Mit der Nutzung der Website bzw. Kontaktaufnahme willigt der Nutzer in die in dieser Datenschutzerkl\u00e4rung beschriebene Datenverarbeitung ein. Personen unter 18 Jahren sollten ohne Zustimmung der Eltern oder Erziehungsberechtigten keine personenbezogenen Daten \u00fcbermitteln.<\/p>\n<h3>Aktualit\u00e4t und \u00c4nderung dieser Datenschutzerkl\u00e4rung<\/h3>\n<p>Diese Datenschutzerkl\u00e4rung ist aktuell g\u00fcltig und hat den Stand Mai 2018. Durch die Weiterentwicklung unserer Website und Angebote dar\u00fcber oder aufgrund ge\u00e4nderter gesetzlicher beziehungsweise beh\u00f6rdlicher Vorgaben kann es notwendig werden, diese Datenschutzerkl\u00e4rung zu \u00e4ndern. Die jeweils aktuelle Datenschutzerkl\u00e4rung kann jederzeit auf diesen Webseiten abgerufen werden.<\/p>\n<h3>Name und Kontaktdaten des f\u00fcr die Verarbeitung Verantwortlichen<\/h3>\n<p>Diese Datenschutz-Information gilt f\u00fcr die Datenverarbeitung durch die Hollenberg Schr\u00f6der Patentanw\u00e4lte PartGmbB, Grugaplatz 2 &#8211; 4, 45131 Essen. Wenn Sie Fragen oder Bedenken in Bezug auf diese Datenschutzrichtlinie haben, wenden Sie sich zuerst per E-Mail unter info@hs-ip.eu an unseren mit dem Datenschutz beauftragten Mitarbeiter oder schreiben Sie an die oben angegebene Adresse.<\/p>\n<p><\/p>\n<p>&nbsp;<\/p>\n<p><\/span><\/p>\n<p>&nbsp;<\/p>\n<p>[\/et_pb_text][et_pb_text admin_label=&#8220;Datenschutz \/ Disclaimer&#8220; _builder_version=&#8220;4.16&#8243; background_size=&#8220;initial&#8220; background_position=&#8220;top_left&#8220; background_repeat=&#8220;repeat&#8220; global_colors_info=&#8220;{}&#8220;]<\/p>\n<p><span style=\"font-size: 14px;\"><\/span><\/p>\n<p>[\/et_pb_text][\/et_pb_column][\/et_pb_row][\/et_pb_section]<\/p>\n","protected":false},"excerpt":{"rendered":"<p>English Deutsch Hollenberg, Sebastian, Die Arbeitnehmererfindung als Gesch\u00e4ftsgeheimnis?, Mitteilungen der deutschen Patentanw\u00e4lte, 2021, S. 18 &#8211; 23 IMPRESSUM \/ RECHTLICHES Betreiber Hollenberg Schr\u00f6der Patentanw\u00e4lte PartGmbB Kontakt Kanzleihauptstelle:Grugaplatz 2 &#8211; 445131 Essen Kanzleizweigstelle Mainz:Berliner Stra\u00dfe 33b55131 Mainz Telefon: +49 (0) 201 85 89 68 98E-Mail: info@hs-ip.eu Veranwortlicher i.S.d. \u00a7 55 Abs. 2 RStV Dr. Florian [&hellip;]<\/p>\n","protected":false},"author":1,"featured_media":0,"parent":0,"menu_order":0,"comment_status":"closed","ping_status":"closed","template":"","meta":{"_et_pb_use_builder":"on","_et_pb_old_content":"","_et_gb_content_width":""},"_links":{"self":[{"href":"https:\/\/bhs-ip.com\/index.php?rest_route=\/wp\/v2\/pages\/78"}],"collection":[{"href":"https:\/\/bhs-ip.com\/index.php?rest_route=\/wp\/v2\/pages"}],"about":[{"href":"https:\/\/bhs-ip.com\/index.php?rest_route=\/wp\/v2\/types\/page"}],"author":[{"embeddable":true,"href":"https:\/\/bhs-ip.com\/index.php?rest_route=\/wp\/v2\/users\/1"}],"replies":[{"embeddable":true,"href":"https:\/\/bhs-ip.com\/index.php?rest_route=%2Fwp%2Fv2%2Fcomments&post=78"}],"version-history":[{"count":72,"href":"https:\/\/bhs-ip.com\/index.php?rest_route=\/wp\/v2\/pages\/78\/revisions"}],"predecessor-version":[{"id":974,"href":"https:\/\/bhs-ip.com\/index.php?rest_route=\/wp\/v2\/pages\/78\/revisions\/974"}],"wp:attachment":[{"href":"https:\/\/bhs-ip.com\/index.php?rest_route=%2Fwp%2Fv2%2Fmedia&parent=78"}],"curies":[{"name":"wp","href":"https:\/\/api.w.org\/{rel}","templated":true}]}}